{"id":37006,"date":"2025-06-26T17:26:16","date_gmt":"2025-06-26T17:26:16","guid":{"rendered":"https:\/\/emit-services.com\/?page_id=37006"},"modified":"2025-11-02T11:56:07","modified_gmt":"2025-11-02T11:56:07","slug":"membre-dmv-mice","status":"publish","type":"page","link":"https:\/\/emit-services.com\/de\/membre-dmv-mice\/","title":{"rendered":"Rejoignez-nous"},"content":{"rendered":"<div data-elementor-type=\"wp-page\" data-elementor-id=\"37006\" class=\"elementor elementor-37006\" data-elementor-post-type=\"page\">\n\t\t\t\t<div class=\"elementor-element elementor-element-dcdf924 e-con-full e-flex e-con e-parent\" data-id=\"dcdf924\" data-element_type=\"container\" data-e-type=\"container\" data-settings=\"{&quot;background_background&quot;:&quot;classic&quot;}\">\n\t\t\t\t<div class=\"elementor-element elementor-element-2adc08a elementor-widget elementor-widget-heading\" data-id=\"2adc08a\" data-element_type=\"widget\" data-e-type=\"widget\" data-widget_type=\"heading.default\">\n\t\t\t\t<div class=\"elementor-widget-container\">\n\t\t\t\t\t<h2 class=\"elementor-heading-title elementor-size-default\">Mitglied werden<br> bei DMV-MICE e.V.<\/h2>\t\t\t\t<\/div>\n\t\t\t\t<\/div>\n\t\t\t\t<\/div>\n\t\t<div class=\"elementor-element elementor-element-67e0797 e-flex e-con-boxed e-con e-parent\" data-id=\"67e0797\" data-element_type=\"container\" data-e-type=\"container\">\n\t\t\t\t\t<div class=\"e-con-inner\">\n\t\t\t\t<div class=\"elementor-element elementor-element-05e76a3 elementor-widget elementor-widget-heading\" data-id=\"05e76a3\" data-element_type=\"widget\" data-e-type=\"widget\" data-widget_type=\"heading.default\">\n\t\t\t\t<div class=\"elementor-widget-container\">\n\t\t\t\t\t<h3 class=\"elementor-heading-title elementor-size-default\">Warum bei uns mitmachen?<\/h3>\t\t\t\t<\/div>\n\t\t\t\t<\/div>\n\t\t\t\t<div class=\"elementor-element elementor-element-cf6cb15 elementor-widget elementor-widget-text-editor\" data-id=\"cf6cb15\" data-element_type=\"widget\" data-e-type=\"widget\" data-widget_type=\"text-editor.default\">\n\t\t\t\t<div class=\"elementor-widget-container\">\n\t\t\t\t\t\t\t\t\t<p>Der Deutsch-Marokkanische Verein zur Ausbildung und Entwicklung der Kongress- und Veranstaltungs-Wirtschaft \u2013 DMV-MICE e.V. beizutreten, bedeutet, Teil eines internationalen Netzwerks zu sein, das sich f\u00fcr einen verantwortungsvollen, solidarischen und innovativen Tourismus einsetzt. Durch Ihre Mitgliedschaft tragen Sie aktiv zur Entwicklung von Projekten mit sozialer, bildungsbezogener und \u00f6kologischer Wirkung in Deutschland, Frankreich, Marokko und dar\u00fcber hinaus bei.<\/p>\t\t\t\t\t\t\t\t<\/div>\n\t\t\t\t<\/div>\n\t\t\t\t<div class=\"elementor-element elementor-element-60259d6 elementor-widget elementor-widget-text-editor\" data-id=\"60259d6\" data-element_type=\"widget\" data-e-type=\"widget\" data-widget_type=\"text-editor.default\">\n\t\t\t\t<div class=\"elementor-widget-container\">\n\t\t\t\t\t\t\t\t\t<p>Mitglied bei DMV-MICE e.V. zu werden, hei\u00dft Teil eines internationalen Netzwerks f\u00fcr verantwortungsvollen, solidarischen und innovativen Tourismus zu sein.\nAls Mitglied tragen Sie aktiv zur Entwicklung von Projekten mit sozialer, p\u00e4dagogischer und \u00f6kologischer Wirkung bei \u2013 in Deutschland, Frankreich, Marokko und dar\u00fcber hinaus.<\/p>\t\t\t\t\t\t\t\t<\/div>\n\t\t\t\t<\/div>\n\t\t\t\t<div class=\"elementor-element elementor-element-418b9dc elementor-widget elementor-widget-heading\" data-id=\"418b9dc\" data-element_type=\"widget\" data-e-type=\"widget\" data-widget_type=\"heading.default\">\n\t\t\t\t<div class=\"elementor-widget-container\">\n\t\t\t\t\t<h3 class=\"elementor-heading-title elementor-size-default\">Wer kann Mitglied werden?<\/h3>\t\t\t\t<\/div>\n\t\t\t\t<\/div>\n\t\t\t\t<div class=\"elementor-element elementor-element-82686ef elementor-widget elementor-widget-text-editor\" data-id=\"82686ef\" data-element_type=\"widget\" data-e-type=\"widget\" data-widget_type=\"text-editor.default\">\n\t\t\t\t<div class=\"elementor-widget-container\">\n\t\t\t\t\t\t\t\t\t<ul><li data-start=\"642\" data-end=\"719\">Jede nat\u00fcrliche oder juristische Person, die unsere Werte von Solidarit\u00e4t, Nachhaltigkeit und interkultureller Offenheit teilt, kann DMV-MICE e.V. beitreten<\/li><li data-start=\"720\" data-end=\"826\"><p data-start=\"722\" data-end=\"826\">Ob Einzelperson, Verein, Institution oder engagiertes Unternehmen \u2013 Ihre Mitgliedschaft ist willkommen.<\/p><\/li><\/ul><h4 data-start=\"112\" data-end=\"159\"><span style=\"color: #000000;\"><strong data-start=\"121\" data-end=\"157\">Ihre Mitgliedervorteile<\/strong><\/span><\/h4><p data-start=\"160\" data-end=\"327\">Nehmen Sie an solidarischen Projekten teil, reisen Sie mit uns, bringen Sie Ihre Ideen ein, vernetzen Sie sich international und gestalten Sie unseren Verein mit.<\/p><h4 data-start=\"101\" data-end=\"133\"><span style=\"color: #000000;\"><strong data-start=\"110\" data-end=\"131\">So werden Sie Mitglied<\/strong><\/span><\/h4><ol data-start=\"134\" data-end=\"355\"><li data-start=\"134\" data-end=\"186\"><p data-start=\"137\" data-end=\"186\">F\u00fcllen Sie das Antragsformular unten aus.<\/p><\/li><li data-start=\"187\" data-end=\"275\"><p data-start=\"190\" data-end=\"275\">Sie erhalten per E-Mail unsere Satzung und Engagement-Charta zum Lesen und Unterschreiben.<\/p><\/li><li data-start=\"276\" data-end=\"355\"><p data-start=\"279\" data-end=\"355\">Ihr Antrag wird vom Vorstand gepr\u00fcft und best\u00e4tigt.<\/p><\/li><\/ol><p style=\"text-align: center;\" data-start=\"464\" data-end=\"537\">\u00a0<\/p>\t\t\t\t\t\t\t\t<\/div>\n\t\t\t\t<\/div>\n\t\t\t\t<div class=\"elementor-element elementor-element-589e0ac elementor-widget elementor-widget-heading\" data-id=\"589e0ac\" data-element_type=\"widget\" data-e-type=\"widget\" data-widget_type=\"heading.default\">\n\t\t\t\t<div class=\"elementor-widget-container\">\n\t\t\t\t\t<h3 class=\"elementor-heading-title elementor-size-default\">Unsere Werte<\/h3>\t\t\t\t<\/div>\n\t\t\t\t<\/div>\n\t\t\t\t<div class=\"elementor-element elementor-element-c78b70b elementor-widget elementor-widget-text-editor\" data-id=\"c78b70b\" data-element_type=\"widget\" data-e-type=\"widget\" data-widget_type=\"text-editor.default\">\n\t\t\t\t<div class=\"elementor-widget-container\">\n\t\t\t\t\t\t\t\t\t<p data-start=\"140\" data-end=\"354\">Solidarit\u00e4t, Respekt, Transparenz, Mitgestaltung und Innovation stehen im Zentrum unseres Handelns.<br data-start=\"233\" data-end=\"236\" \/>Jedes Mitglied verpflichtet sich, die Ethik von DMV-MICE e.V. zu achten und sich nach seinen M\u00f6glichkeiten am Vereinsleben zu beteiligen.<\/p><p style=\"text-align: center;\" data-start=\"356\" data-end=\"462\">M\u00f6chten Sie Teil unseres Netzwerks werden? F\u00fcllen Sie das Formular unten aus oder kontaktieren Sie uns bei Fragen.<\/p><h4 style=\"text-align: center;\" data-start=\"464\" data-end=\"537\">Gemeinsam geben wir Reisen und internationaler Solidarit\u00e4t einen Sinn!<\/h4>\t\t\t\t\t\t\t\t<\/div>\n\t\t\t\t<\/div>\n\t\t\t\t\t<\/div>\n\t\t\t\t<\/div>\n\t\t\t\t<section class=\"elementor-section elementor-top-section elementor-element elementor-element-3705feb elementor-section-boxed elementor-section-height-default elementor-section-height-default\" data-id=\"3705feb\" data-element_type=\"section\" data-e-type=\"section\">\n\t\t\t\t\t\t<div class=\"elementor-container elementor-column-gap-default\">\n\t\t\t\t\t<div class=\"elementor-column elementor-col-100 elementor-top-column elementor-element elementor-element-ef08746\" data-id=\"ef08746\" data-element_type=\"column\" data-e-type=\"column\" data-settings=\"{&quot;background_background&quot;:&quot;classic&quot;}\">\n\t\t\t<div class=\"elementor-widget-wrap elementor-element-populated\">\n\t\t\t\t\t<div class=\"elementor-background-overlay\"><\/div>\n\t\t\t\t\t\t<div class=\"elementor-element elementor-element-5e7f6ee elementor-widget elementor-widget-spacer\" data-id=\"5e7f6ee\" data-element_type=\"widget\" data-e-type=\"widget\" data-widget_type=\"spacer.default\">\n\t\t\t\t<div class=\"elementor-widget-container\">\n\t\t\t\t\t\t\t<div class=\"elementor-spacer\">\n\t\t\t<div class=\"elementor-spacer-inner\"><\/div>\n\t\t<\/div>\n\t\t\t\t\t\t<\/div>\n\t\t\t\t<\/div>\n\t\t<div class=\"elementor-element elementor-element-ca87581 e-flex e-con-boxed e-con e-parent\" data-id=\"ca87581\" data-element_type=\"container\" data-e-type=\"container\">\n\t\t\t\t\t<div class=\"e-con-inner\">\n\t\t<div class=\"elementor-element elementor-element-f00094c e-con-full e-flex e-con e-child\" data-id=\"f00094c\" data-element_type=\"container\" data-e-type=\"container\">\n\t\t\t\t<div class=\"elementor-element elementor-element-6bb1d2a elementor-button-align-center elementor-widget elementor-widget-form\" data-id=\"6bb1d2a\" data-element_type=\"widget\" data-e-type=\"widget\" data-settings=\"{&quot;step_next_label&quot;:&quot;Suivant&quot;,&quot;step_previous_label&quot;:&quot;Pr\\u00e9c\\u00e9dent&quot;,&quot;button_width&quot;:&quot;100&quot;,&quot;step_type&quot;:&quot;number_text&quot;,&quot;step_icon_shape&quot;:&quot;circle&quot;}\" data-widget_type=\"form.default\">\n\t\t\t\t<div class=\"elementor-widget-container\">\n\t\t\t\t\t\t\t<form class=\"elementor-form\" method=\"post\" name=\"Nouveau formulaire\" aria-label=\"Neues Formular\" action=\"\">\n\t\t\t<input type=\"hidden\" name=\"post_id\" value=\"37006\"\/>\n\t\t\t<input type=\"hidden\" name=\"form_id\" value=\"6bb1d2a\"\/>\n\t\t\t<input type=\"hidden\" name=\"referer_title\" value=\"Devenez membre DMV-MICE : Tourisme solidaire et engag\u00e9\" \/>\n\n\t\t\t\t\t\t\t<input type=\"hidden\" name=\"queried_id\" value=\"37006\"\/>\n\t\t\t\n\t\t\t<div class=\"elementor-form-fields-wrapper elementor-labels-above\">\n\t\t\t\t\t\t\t\t<div class=\"elementor-field-type-text elementor-field-group elementor-column elementor-field-group-name elementor-col-100 elementor-field-required elementor-mark-required\">\n\t\t\t\t\t\t\t\t\t\t\t\t<label for=\"form-field-name\" class=\"elementor-field-label\">\n\t\t\t\t\t\t\t\tVollst\u00e4ndiger Name : \t\t\t\t\t\t\t<\/label>\n\t\t\t\t\t\t\t\t\t\t\t\t\t\t<input size=\"1\" type=\"text\" name=\"form_fields[name]\" id=\"form-field-name\" class=\"elementor-field elementor-size-md  elementor-field-textual\" placeholder=\"Name\" required=\"required\">\n\t\t\t\t\t\t\t\t\t\t\t<\/div>\n\t\t\t\t\t\t\t\t<div class=\"elementor-field-type-text elementor-field-group elementor-column elementor-field-group-field_d3028a4 elementor-col-100 elementor-field-required elementor-mark-required\">\n\t\t\t\t\t\t\t\t\t\t\t\t<label for=\"form-field-field_d3028a4\" class=\"elementor-field-label\">\n\t\t\t\t\t\t\t\tVorname: \t\t\t\t\t\t\t<\/label>\n\t\t\t\t\t\t\t\t\t\t\t\t\t\t<input size=\"1\" type=\"text\" name=\"form_fields[field_d3028a4]\" id=\"form-field-field_d3028a4\" class=\"elementor-field elementor-size-md  elementor-field-textual\" placeholder=\"Vorname:\" required=\"required\">\n\t\t\t\t\t\t\t\t\t\t\t<\/div>\n\t\t\t\t\t\t\t\t<div class=\"elementor-field-type-tel elementor-field-group elementor-column elementor-field-group-field_99075cf elementor-col-100\">\n\t\t\t\t\t\t\t\t\t\t\t\t<label for=\"form-field-field_99075cf\" class=\"elementor-field-label\">\n\t\t\t\t\t\t\t\tTel \/ WhatsApp:\t\t\t\t\t\t\t<\/label>\n\t\t\t\t\t\t\t\t<input size=\"1\" type=\"tel\" name=\"form_fields[field_99075cf]\" id=\"form-field-field_99075cf\" class=\"elementor-field elementor-size-md  elementor-field-textual\" placeholder=\"Tel \/ WhatsApp:\" pattern=\"[0-9()#&amp;+*-=.]+\" title=\"The field only accepts numbers and telephone characters (#, -, *, etc.).\" data-no-translation-title=\"\">\n\n\t\t\t\t\t\t<\/div>\n\t\t\t\t\t\t\t\t<div class=\"elementor-field-type-text elementor-field-group elementor-column elementor-field-group-field_78b4eba elementor-col-100\">\n\t\t\t\t\t\t\t\t\t\t\t\t<label for=\"form-field-field_78b4eba\" class=\"elementor-field-label\">\n\t\t\t\t\t\t\t\tAdresse \/ Stadt \/ Land\t\t\t\t\t\t\t<\/label>\n\t\t\t\t\t\t\t\t\t\t\t\t\t\t<input size=\"1\" type=\"text\" name=\"form_fields[field_78b4eba]\" id=\"form-field-field_78b4eba\" class=\"elementor-field elementor-size-md  elementor-field-textual\" placeholder=\"Adresse \/ Stadt \/ Land\">\n\t\t\t\t\t\t\t\t\t\t\t<\/div>\n\t\t\t\t\t\t\t\t<div class=\"elementor-field-type-text elementor-field-group elementor-column elementor-field-group-field_d8825ec elementor-col-100\">\n\t\t\t\t\t\t\t\t\t\t\t\t<label for=\"form-field-field_d8825ec\" class=\"elementor-field-label\">\n\t\t\t\t\t\t\t\tUnternehmen \/ Organisation:\t\t\t\t\t\t\t<\/label>\n\t\t\t\t\t\t\t\t\t\t\t\t\t\t<input size=\"1\" type=\"text\" name=\"form_fields[field_d8825ec]\" id=\"form-field-field_d8825ec\" class=\"elementor-field elementor-size-md  elementor-field-textual\" placeholder=\"Unternehmen \/ Organisation:\">\n\t\t\t\t\t\t\t\t\t\t\t<\/div>\n\t\t\t\t\t\t\t\t<div class=\"elementor-field-type-text elementor-field-group elementor-column elementor-field-group-field_ac14bca elementor-col-100\">\n\t\t\t\t\t\t\t\t\t\t\t\t<label for=\"form-field-field_ac14bca\" class=\"elementor-field-label\">\n\t\t\t\t\t\t\t\tFunktion::\t\t\t\t\t\t\t<\/label>\n\t\t\t\t\t\t\t\t\t\t\t\t\t\t<input size=\"1\" type=\"text\" name=\"form_fields[field_ac14bca]\" id=\"form-field-field_ac14bca\" class=\"elementor-field elementor-size-md  elementor-field-textual\" placeholder=\"Funktion::\">\n\t\t\t\t\t\t\t\t\t\t\t<\/div>\n\t\t\t\t\t\t\t\t<div class=\"elementor-field-type-email elementor-field-group elementor-column elementor-field-group-email elementor-col-100 elementor-field-required elementor-mark-required\">\n\t\t\t\t\t\t\t\t\t\t\t\t<label for=\"form-field-email\" class=\"elementor-field-label\">\n\t\t\t\t\t\t\t\tE-Mail:\t\t\t\t\t\t\t<\/label>\n\t\t\t\t\t\t\t\t\t\t\t\t\t\t<input size=\"1\" type=\"email\" name=\"form_fields[email]\" id=\"form-field-email\" class=\"elementor-field elementor-size-md  elementor-field-textual\" placeholder=\"E-Mail:\" required=\"required\">\n\t\t\t\t\t\t\t\t\t\t\t<\/div>\n\t\t\t\t\t\t\t\t<div class=\"elementor-field-type-text\">\n\t\t\t\t\t<input size=\"1\" type=\"text\" name=\"form_fields[field_839053a]\" id=\"form-field-field_839053a\" class=\"elementor-field elementor-size-md\" style=\"display:none !important;\">\t\t\t\t<\/div>\n\t\t\t\t\t\t\t\t<div class=\"elementor-field-type-text elementor-field-group elementor-column elementor-field-group-field_a75ddd8 elementor-col-100\">\n\t\t\t\t\t\t\t\t\t\t\t\t<label for=\"form-field-field_a75ddd8\" class=\"elementor-field-label\">\n\t\t\t\t\t\t\t\tBetreff : \t\t\t\t\t\t\t<\/label>\n\t\t\t\t\t\t\t\t\t\t\t\t\t\t<input size=\"1\" type=\"text\" name=\"form_fields[field_a75ddd8]\" id=\"form-field-field_a75ddd8\" class=\"elementor-field elementor-size-md  elementor-field-textual\" placeholder=\"Betreff : \">\n\t\t\t\t\t\t\t\t\t\t\t<\/div>\n\t\t\t\t\t\t\t\t<div class=\"elementor-field-type-textarea elementor-field-group elementor-column elementor-field-group-message elementor-col-100 elementor-field-required elementor-mark-required\">\n\t\t\t\t\t\t\t\t\t\t\t\t<label for=\"form-field-message\" class=\"elementor-field-label\">\n\t\t\t\t\t\t\t\tNachricht:\t\t\t\t\t\t\t<\/label>\n\t\t\t\t\t\t<textarea class=\"elementor-field-textual elementor-field  elementor-size-md\" name=\"form_fields[message]\" id=\"form-field-message\" rows=\"4\" placeholder=\"Nachricht:\" required=\"required\"><\/textarea>\t\t\t\t<\/div>\n\t\t\t\t\t\t\t\t<div class=\"elementor-field-group elementor-column elementor-field-type-submit elementor-col-100 e-form__buttons\">\n\t\t\t\t\t<button class=\"elementor-button elementor-size-md\" type=\"submit\">\n\t\t\t\t\t\t<span class=\"elementor-button-content-wrapper\">\n\t\t\t\t\t\t\t\t\t\t\t\t\t\t\t\t\t\t\t\t\t\t<span class=\"elementor-button-text\">Adh\u00e9rez et d\u00e9veloppez vos opportunit\u00e9s<\/span>\n\t\t\t\t\t\t\t\t\t\t\t\t\t<\/span>\n\t\t\t\t\t<\/button>\n\t\t\t\t<\/div>\n\t\t\t<\/div>\n\t\t<input type=\"hidden\" name=\"trp-form-language\" value=\"de\"\/><\/form>\n\t\t\t\t\t\t<\/div>\n\t\t\t\t<\/div>\n\t\t\t\t<\/div>\n\t\t\t\t\t<\/div>\n\t\t\t\t<\/div>\n\t\t\t\t\t<\/div>\n\t\t<\/div>\n\t\t\t\t\t<\/div>\n\t\t<\/section>\n\t\t\t\t<\/div>","protected":false},"excerpt":{"rendered":"<p>Devenir membre de DMV-MICE e.V. Pourquoi nous rejoindre ? Rejoindre l\u00b4Association Germano-Marocaine pour la Formation et le D\u00e9veloppement de l&rsquo;Industrie des Congr\u00e8s et \u00c9v\u00e9nements &#8211; DMV-MICE e.V., c\u2019est faire partie d\u2019un r\u00e9seau international engag\u00e9 pour un tourisme responsable, solidaire et innovant. En devenant membre, vous contribuez activement au d\u00e9veloppement de projets \u00e0 impact social, \u00e9ducatif [&hellip;]<\/p>","protected":false},"author":1,"featured_media":0,"parent":0,"menu_order":0,"comment_status":"closed","ping_status":"closed","template":"","meta":{"give_campaign_id":0,"ocean_post_layout":"","ocean_both_sidebars_style":"","ocean_both_sidebars_content_width":0,"ocean_both_sidebars_sidebars_width":0,"ocean_sidebar":"","ocean_second_sidebar":"","ocean_disable_margins":"enable","ocean_add_body_class":"","ocean_shortcode_before_top_bar":"","ocean_shortcode_after_top_bar":"","ocean_shortcode_before_header":"","ocean_shortcode_after_header":"","ocean_has_shortcode":"","ocean_shortcode_after_title":"","ocean_shortcode_before_footer_widgets":"","ocean_shortcode_after_footer_widgets":"","ocean_shortcode_before_footer_bottom":"","ocean_shortcode_after_footer_bottom":"","ocean_display_top_bar":"default","ocean_display_header":"default","ocean_header_style":"","ocean_center_header_left_menu":"","ocean_custom_header_template":"","ocean_custom_logo":0,"ocean_custom_retina_logo":0,"ocean_custom_logo_max_width":0,"ocean_custom_logo_tablet_max_width":0,"ocean_custom_logo_mobile_max_width":0,"ocean_custom_logo_max_height":0,"ocean_custom_logo_tablet_max_height":0,"ocean_custom_logo_mobile_max_height":0,"ocean_header_custom_menu":"","ocean_menu_typo_font_family":"","ocean_menu_typo_font_subset":"","ocean_menu_typo_font_size":0,"ocean_menu_typo_font_size_tablet":0,"ocean_menu_typo_font_size_mobile":0,"ocean_menu_typo_font_size_unit":"px","ocean_menu_typo_font_weight":"","ocean_menu_typo_font_weight_tablet":"","ocean_menu_typo_font_weight_mobile":"","ocean_menu_typo_transform":"","ocean_menu_typo_transform_tablet":"","ocean_menu_typo_transform_mobile":"","ocean_menu_typo_line_height":0,"ocean_menu_typo_line_height_tablet":0,"ocean_menu_typo_line_height_mobile":0,"ocean_menu_typo_line_height_unit":"","ocean_menu_typo_spacing":0,"ocean_menu_typo_spacing_tablet":0,"ocean_menu_typo_spacing_mobile":0,"ocean_menu_typo_spacing_unit":"","ocean_menu_link_color":"","ocean_menu_link_color_hover":"","ocean_menu_link_color_active":"","ocean_menu_link_background":"","ocean_menu_link_hover_background":"","ocean_menu_link_active_background":"","ocean_menu_social_links_bg":"","ocean_menu_social_hover_links_bg":"","ocean_menu_social_links_color":"","ocean_menu_social_hover_links_color":"","ocean_disable_title":"default","ocean_disable_heading":"default","ocean_post_title":"","ocean_post_subheading":"","ocean_post_title_style":"","ocean_post_title_background_color":"","ocean_post_title_background":0,"ocean_post_title_bg_image_position":"","ocean_post_title_bg_image_attachment":"","ocean_post_title_bg_image_repeat":"","ocean_post_title_bg_image_size":"","ocean_post_title_height":0,"ocean_post_title_bg_overlay":0.5,"ocean_post_title_bg_overlay_color":"","ocean_disable_breadcrumbs":"default","ocean_breadcrumbs_color":"","ocean_breadcrumbs_separator_color":"","ocean_breadcrumbs_links_color":"","ocean_breadcrumbs_links_hover_color":"","ocean_display_footer_widgets":"default","ocean_display_footer_bottom":"default","ocean_custom_footer_template":"","footnotes":""},"class_list":["post-37006","page","type-page","status-publish","hentry","entry","owp-thumbs-layout-vertical","owp-btn-normal","owp-tabs-layout-horizontal","has-no-thumbnails","has-product-nav"],"aioseo_notices":[],"campaignId":"","_links":{"self":[{"href":"https:\/\/emit-services.com\/de\/wp-json\/wp\/v2\/pages\/37006","targetHints":{"allow":["GET"]}}],"collection":[{"href":"https:\/\/emit-services.com\/de\/wp-json\/wp\/v2\/pages"}],"about":[{"href":"https:\/\/emit-services.com\/de\/wp-json\/wp\/v2\/types\/page"}],"author":[{"embeddable":true,"href":"https:\/\/emit-services.com\/de\/wp-json\/wp\/v2\/users\/1"}],"replies":[{"embeddable":true,"href":"https:\/\/emit-services.com\/de\/wp-json\/wp\/v2\/comments?post=37006"}],"version-history":[{"count":6,"href":"https:\/\/emit-services.com\/de\/wp-json\/wp\/v2\/pages\/37006\/revisions"}],"predecessor-version":[{"id":46377,"href":"https:\/\/emit-services.com\/de\/wp-json\/wp\/v2\/pages\/37006\/revisions\/46377"}],"wp:attachment":[{"href":"https:\/\/emit-services.com\/de\/wp-json\/wp\/v2\/media?parent=37006"}],"curies":[{"name":"wp","href":"https:\/\/api.w.org\/{rel}","templated":true}]}}