{"id":37102,"date":"2025-06-29T17:00:48","date_gmt":"2025-06-29T17:00:48","guid":{"rendered":"https:\/\/emit-services.com\/?page_id=37102"},"modified":"2026-03-01T14:08:43","modified_gmt":"2026-03-01T14:08:43","slug":"magazine","status":"publish","type":"page","link":"https:\/\/emit-services.com\/de\/magazine\/","title":{"rendered":"Magazin"},"content":{"rendered":"<div data-elementor-type=\"wp-page\" data-elementor-id=\"37102\" class=\"elementor elementor-37102\" data-elementor-post-type=\"page\">\n\t\t\t\t<div class=\"elementor-element elementor-element-8efa1de e-con-full e-flex e-con e-parent\" data-id=\"8efa1de\" data-element_type=\"container\" data-e-type=\"container\" data-settings=\"{&quot;background_background&quot;:&quot;classic&quot;}\">\n\t\t\t\t<div class=\"elementor-element elementor-element-7e33036 elementor-widget elementor-widget-heading\" data-id=\"7e33036\" data-element_type=\"widget\" data-e-type=\"widget\" data-widget_type=\"heading.default\">\n\t\t\t\t<div class=\"elementor-widget-container\">\n\t\t\t\t\t<h4 class=\"elementor-heading-title elementor-size-default\">Das Magazin<\/h4>\t\t\t\t<\/div>\n\t\t\t\t<\/div>\n\t\t\t\t<\/div>\n\t\t<div class=\"elementor-element elementor-element-08644b5 e-flex e-con-boxed e-con e-parent\" data-id=\"08644b5\" data-element_type=\"container\" data-e-type=\"container\">\n\t\t\t\t\t<div class=\"e-con-inner\">\n\t\t\t\t<div class=\"elementor-element elementor-element-56a756e elementor-widget elementor-widget-text-editor\" data-id=\"56a756e\" data-element_type=\"widget\" data-e-type=\"widget\" data-widget_type=\"text-editor.default\">\n\t\t\t\t<div class=\"elementor-widget-container\">\n\t\t\t\t\t\t\t\t\t<p style=\"text-align: center;\" data-start=\"448\" data-end=\"465\">\u00a0Geschichten, die inspirieren. Ideen zum Handeln.<\/p><p data-start=\"267\" data-end=\"323\"><strong data-start=\"267\" data-end=\"323\">Anders reisen, gemeinsam tr\u00e4umen, morgen gestalten.<\/strong><\/p><p data-start=\"325\" data-end=\"494\">Was w\u00e4re, wenn Reisen mehr w\u00e4re als nur ein Ortswechsel?<br data-start=\"378\" data-end=\"381\" \/>Was, wenn das Reisen zu einem bewussten Lebensweg w\u00fcrde \u2013 zu einer Art, die Welt mit Respekt, Solidarit\u00e4t und Demut zu erleben?<\/p><p data-start=\"496\" data-end=\"781\">In diesem Blog geht es nicht um angesagte Reiseziele oder touristische Leistung. Wir erz\u00e4hlen Geschichten, Begegnungen und Wege abseits der ausgetretenen Pfade. Wir schreiben f\u00fcr Menschen, die ihren Schritten Sinn geben und Orte nicht konsumieren, sondern Verbindung schaffen m\u00f6chten.<\/p><h3 data-start=\"783\" data-end=\"843\"><strong data-start=\"81\" data-end=\"141\">\u00a0 In unseren thematischen Rubriken entdecken Sie:<\/strong><\/h3><p data-start=\"783\" data-end=\"843\">\u00a0 inspirierende Initiativen, Portr\u00e4ts engagierter Akteur*innen, Reiseberichte abseits des Mainstreams und Gedanken \u00fcber einen sinnstiftenden Tourismus.<\/p><p style=\"text-align: center;\" data-start=\"82\" data-end=\"386\"><strong data-start=\"82\" data-end=\"197\">\u00a0 Jeder Beitrag l\u00e4dt dazu ein, langsamer zu werden, genauer hinzuschauen und unsere Art des Reisens \u2013 und des Daseins \u2013 neu zu \u00fcberdenken.<\/strong><br data-start=\"197\" data-end=\"200\" \/>Denn Reisen kann ein Akt der Liebe sein \u2013 zur Erde, zu den Menschen, zum Leben selbst.<br data-start=\"290\" data-end=\"293\" \/>\u00a0 \u27a1 <strong data-start=\"295\" data-end=\"386\">\u27a1 Lassen Sie sich inspirieren, st\u00f6bern Sie durch unsere Rubriken und werden auch Sie Sinnstifter*in.<\/strong><\/p>\t\t\t\t\t\t\t\t<\/div>\n\t\t\t\t<\/div>\n\t\t\t\t\t<\/div>\n\t\t\t\t<\/div>\n\t\t<div class=\"elementor-element elementor-element-1bfe0a1 e-con-full e-flex e-con e-child\" data-id=\"1bfe0a1\" data-element_type=\"container\" data-e-type=\"container\" data-settings=\"{&quot;background_background&quot;:&quot;classic&quot;}\">\n\t\t\t\t<div class=\"elementor-element elementor-element-a63fc76 elementor-widget elementor-widget-heading\" data-id=\"a63fc76\" data-element_type=\"widget\" data-e-type=\"widget\" data-widget_type=\"heading.default\">\n\t\t\t\t<div class=\"elementor-widget-container\">\n\t\t\t\t\t<div class=\"elementor-heading-title elementor-size-default\">Themen, die bewegen<\/div>\t\t\t\t<\/div>\n\t\t\t\t<\/div>\n\t\t\t\t<\/div>\n\t\t<div class=\"elementor-element elementor-element-b747c8b e-con-full e-flex e-con e-parent\" data-id=\"b747c8b\" data-element_type=\"container\" data-e-type=\"container\">\n\t\t<div class=\"elementor-element elementor-element-eb1d5ce e-con-full e-flex e-con e-child\" data-id=\"eb1d5ce\" data-element_type=\"container\" data-e-type=\"container\" data-settings=\"{&quot;background_background&quot;:&quot;classic&quot;}\">\n\t\t\t\t<div class=\"elementor-element elementor-element-436ddcd elementor-widget__width-initial oew-cta-style-outside oew-cta--image-above oew-bg-transform oew-bg-transform-zoom-in elementor-widget elementor-widget-oew-call-to-action\" data-id=\"436ddcd\" data-element_type=\"widget\" data-e-type=\"widget\" data-widget_type=\"oew-call-to-action.default\">\n\t\t\t\t<div class=\"elementor-widget-container\">\n\t\t\t\t\t\n\t\t<a class=\"oew-cta\" href=\"https:\/\/emit-services.com\/de\/category\/blog\/tourisme-solidaire\/\">\n\n\t\t\t\t\t\t\t<div class=\"oew-cta-bg-wrapper\">\n\t\t\t\t\t<div class=\"oew-cta-bg\" style=\"background-image: url(https:\/\/emit-services.com\/wp-content\/uploads\/2025\/06\/Tourisme-solidaire-Offrir-du-sens-a-chaque-destination.jpg);\"><\/div>\n\t\t\t\t\t\t\t\t\t<\/div>\n\t\t\t\t\n\t\t\t<div class=\"oew-cta-inner\">\n\t\t\t\t\t\t\t\t\t<h2 class=\"oew-cta-title oew-cta-content\">\n\t\t\t\t\t\tVerantwortungsvoller Tourismus\t\t\t\t\t<\/h2>\n\t\t\t\t\t\t\t\t\t\t<div class=\"oew-cta-description oew-cta-content\">Auf Tuchf\u00fchlung mit dem Anderen <br>Reisen bedeutet auch, Beziehungen zu kn\u00fcpfen. Faire Aufenthalte, lokales Eintauchen, gemeinsame Projekte : <br>hier hat der Austausch Vorrang vor dem Konsum.<\/div>\n\t\t\t\t\t\t\t\t\t\t<div class=\"oew-cta-btn oew-cta-content\">\n\t\t\t\t\t\t<span class=\"button\">\n\t\t\t\t\t\t\t\t\t\t\t\t\t\t<span>Entdecken Sie ...<\/span>\n\t\t\t\t\t\t\t<svg aria-hidden=\"true\" class=\"e-font-icon-svg e-far-arrow-alt-circle-right\" viewbox=\"0 0 512 512\" xmlns=\"http:\/\/www.w3.org\/2000\/svg\"><path d=\"M504 256C504 119 393 8 256 8S8 119 8 256s111 248 248 248 248-111 248-248zm-448 0c0-110.5 89.5-200 200-200s200 89.5 200 200-89.5 200-200 200S56 366.5 56 256zm72 20v-40c0-6.6 5.4-12 12-12h116v-67c0-10.7 12.9-16 20.5-8.5l99 99c4.7 4.7 4.7 12.3 0 17l-99 99c-7.6 7.6-20.5 2.2-20.5-8.5v-67H140c-6.6 0-12-5.4-12-12z\"><\/path><\/svg>\t\t\t\t\t\t<\/span>\n\n\t\t\t\t\t\t\t\t\t\t\t<\/div>\n\t\t\t\t\t\t\t\t<\/div>\n\t\t<\/a>\n\n\t\t\t\t\t\t<\/div>\n\t\t\t\t<\/div>\n\t\t\t\t<\/div>\n\t\t<div class=\"elementor-element elementor-element-5f7f59a e-con-full e-flex e-con e-child\" data-id=\"5f7f59a\" data-element_type=\"container\" data-e-type=\"container\" data-settings=\"{&quot;background_background&quot;:&quot;classic&quot;}\">\n\t\t<div class=\"elementor-element elementor-element-6b66a9d e-con-full e-flex e-con e-child\" data-id=\"6b66a9d\" data-element_type=\"container\" data-e-type=\"container\" data-settings=\"{&quot;background_background&quot;:&quot;classic&quot;}\">\n\t\t\t\t<div class=\"elementor-element elementor-element-3c5b9a2 elementor-widget__width-initial oew-cta-style-outside oew-cta--image-above oew-bg-transform oew-bg-transform-zoom-in elementor-widget elementor-widget-oew-call-to-action\" data-id=\"3c5b9a2\" data-element_type=\"widget\" data-e-type=\"widget\" data-widget_type=\"oew-call-to-action.default\">\n\t\t\t\t<div class=\"elementor-widget-container\">\n\t\t\t\t\t\n\t\t<a class=\"oew-cta\" href=\"https:\/\/emit-services.com\/de\/category\/blog\/tourisme-durable\/\">\n\n\t\t\t\t\t\t\t<div class=\"oew-cta-bg-wrapper\">\n\t\t\t\t\t<div class=\"oew-cta-bg\" style=\"background-image: url(https:\/\/emit-services.com\/wp-content\/uploads\/2025\/06\/Tourisme-durable-une-opportunite-a-saisir-un-avenir-a-construire-1-.jpg);\"><\/div>\n\t\t\t\t\t\t\t\t\t<\/div>\n\t\t\t\t\n\t\t\t<div class=\"oew-cta-inner\">\n\t\t\t\t\t\t\t\t\t<h2 class=\"oew-cta-title oew-cta-content\">\n\t\t\t\t\t\tNachhaltiger Tourismus\t\t\t\t\t<\/h2>\n\t\t\t\t\t\t\t\t\t\t<div class=\"oew-cta-description oew-cta-content\">Anders reisen, wirklich.<br>\nWeniger Kilometer, mehr Sinn. Die Landschaft erhalten, das Tempo verlangsamen, die Natur respektieren : <br>eine Reise, die regeneriert.<\/div>\n\t\t\t\t\t\t\t\t\t\t<div class=\"oew-cta-btn oew-cta-content\">\n\t\t\t\t\t\t<span class=\"button\">\n\t\t\t\t\t\t\t\t\t\t\t\t\t\t<span>Entdecken Sie ...<\/span>\n\t\t\t\t\t\t\t<svg aria-hidden=\"true\" class=\"e-font-icon-svg e-far-arrow-alt-circle-right\" viewbox=\"0 0 512 512\" xmlns=\"http:\/\/www.w3.org\/2000\/svg\"><path d=\"M504 256C504 119 393 8 256 8S8 119 8 256s111 248 248 248 248-111 248-248zm-448 0c0-110.5 89.5-200 200-200s200 89.5 200 200-89.5 200-200 200S56 366.5 56 256zm72 20v-40c0-6.6 5.4-12 12-12h116v-67c0-10.7 12.9-16 20.5-8.5l99 99c4.7 4.7 4.7 12.3 0 17l-99 99c-7.6 7.6-20.5 2.2-20.5-8.5v-67H140c-6.6 0-12-5.4-12-12z\"><\/path><\/svg>\t\t\t\t\t\t<\/span>\n\n\t\t\t\t\t\t\t\t\t\t\t<\/div>\n\t\t\t\t\t\t\t\t<\/div>\n\t\t<\/a>\n\n\t\t\t\t\t\t<\/div>\n\t\t\t\t<\/div>\n\t\t\t\t<\/div>\n\t\t\t\t<\/div>\n\t\t<div class=\"elementor-element elementor-element-92f790c e-con-full e-flex e-con e-child\" data-id=\"92f790c\" data-element_type=\"container\" data-e-type=\"container\" data-settings=\"{&quot;background_background&quot;:&quot;classic&quot;}\">\n\t\t<div class=\"elementor-element elementor-element-e4bebbd e-con-full e-flex e-con e-child\" data-id=\"e4bebbd\" data-element_type=\"container\" data-e-type=\"container\" data-settings=\"{&quot;background_background&quot;:&quot;classic&quot;}\">\n\t\t\t\t<div class=\"elementor-element elementor-element-ac4c332 elementor-widget__width-initial oew-cta-style-outside oew-cta--image-above oew-bg-transform oew-bg-transform-zoom-in elementor-widget elementor-widget-oew-call-to-action\" data-id=\"ac4c332\" data-element_type=\"widget\" data-e-type=\"widget\" data-widget_type=\"oew-call-to-action.default\">\n\t\t\t\t<div class=\"elementor-widget-container\">\n\t\t\t\t\t\n\t\t<a class=\"oew-cta\" href=\"https:\/\/emit-services.com\/de\/category\/blog\/tourisme-responsable\/\">\n\n\t\t\t\t\t\t\t<div class=\"oew-cta-bg-wrapper\">\n\t\t\t\t\t<div class=\"oew-cta-bg\" style=\"background-image: url(https:\/\/emit-services.com\/wp-content\/uploads\/2025\/06\/Tourisme-responsable-Vers-une-hospitalite-ethique-et-humaine-1.jpg);\"><\/div>\n\t\t\t\t\t\t\t\t\t<\/div>\n\t\t\t\t\n\t\t\t<div class=\"oew-cta-inner\">\n\t\t\t\t\t\t\t\t\t<h1 class=\"oew-cta-title oew-cta-content\">\n\t\t\t\t\t\tVerantwortlicher Tourismus\t\t\t\t\t<\/h1>\n\t\t\t\t\t\t\t\t\t\t<div class=\"oew-cta-description oew-cta-content\">Mit Herz und Verstand w\u00e4hlen.<br>\nJede Entscheidung z\u00e4hlt. Transport, Unterkunft, lokale Eink\u00e4ufe :<br>hier lernt man, ethisch korrekt und mit klarem Verstand zu reisen.\n<\/div>\n\t\t\t\t\t\t\t\t\t\t<div class=\"oew-cta-btn oew-cta-content\">\n\t\t\t\t\t\t<span class=\"button\">\n\t\t\t\t\t\t\t\t\t\t\t\t\t\t<span>Entdecken Sie ...<\/span>\n\t\t\t\t\t\t\t<svg aria-hidden=\"true\" class=\"e-font-icon-svg e-far-arrow-alt-circle-right\" viewbox=\"0 0 512 512\" xmlns=\"http:\/\/www.w3.org\/2000\/svg\"><path d=\"M504 256C504 119 393 8 256 8S8 119 8 256s111 248 248 248 248-111 248-248zm-448 0c0-110.5 89.5-200 200-200s200 89.5 200 200-89.5 200-200 200S56 366.5 56 256zm72 20v-40c0-6.6 5.4-12 12-12h116v-67c0-10.7 12.9-16 20.5-8.5l99 99c4.7 4.7 4.7 12.3 0 17l-99 99c-7.6 7.6-20.5 2.2-20.5-8.5v-67H140c-6.6 0-12-5.4-12-12z\"><\/path><\/svg>\t\t\t\t\t\t<\/span>\n\n\t\t\t\t\t\t\t\t\t\t\t<\/div>\n\t\t\t\t\t\t\t\t<\/div>\n\t\t<\/a>\n\n\t\t\t\t\t\t<\/div>\n\t\t\t\t<\/div>\n\t\t\t\t<\/div>\n\t\t\t\t<\/div>\n\t\t\t\t<\/div>\n\t\t<div class=\"elementor-element elementor-element-0e52948 e-con-full e-flex e-con e-parent\" data-id=\"0e52948\" data-element_type=\"container\" data-e-type=\"container\">\n\t\t<div class=\"elementor-element elementor-element-f176145 e-con-full e-flex e-con e-child\" data-id=\"f176145\" data-element_type=\"container\" data-e-type=\"container\" data-settings=\"{&quot;background_background&quot;:&quot;classic&quot;}\">\n\t\t\t\t<div class=\"elementor-element elementor-element-48baef6 elementor-widget__width-initial oew-cta-style-outside oew-cta--image-above oew-bg-transform oew-bg-transform-zoom-in elementor-widget elementor-widget-oew-call-to-action\" data-id=\"48baef6\" data-element_type=\"widget\" data-e-type=\"widget\" data-widget_type=\"oew-call-to-action.default\">\n\t\t\t\t<div class=\"elementor-widget-container\">\n\t\t\t\t\t\n\t\t<a class=\"oew-cta\" href=\"https:\/\/emit-services.com\/de\/category\/blog\/voyager-en-conscience\/\">\n\n\t\t\t\t\t\t\t<div class=\"oew-cta-bg-wrapper\">\n\t\t\t\t\t<div class=\"oew-cta-bg\" style=\"background-image: url(https:\/\/emit-services.com\/wp-content\/uploads\/2025\/07\/Voyager-en-conscience-Le-monde-merite-mieux-que-du-tourisme-rapide.jpg);\"><\/div>\n\t\t\t\t\t\t\t\t\t<\/div>\n\t\t\t\t\n\t\t\t<div class=\"oew-cta-inner\">\n\t\t\t\t\t\t\t\t\t<h1 class=\"oew-cta-title oew-cta-content\">\n\t\t\t\t\t\tReisen mit Achtsamkeit\t\t\t\t\t<\/h1>\n\t\t\t\t\t\t\t\t\t\t<div class=\"oew-cta-description oew-cta-content\">Die Kunst, wachsam zu starten.\nVor dem Aufbruch eine Absicht. Diese Erz\u00e4hlungen laden dazu ein, langsamer zu werden, zu beobachten und zu f\u00fchlen. Reisen wird zu einem inneren Weg.<\/div>\n\t\t\t\t\t\t\t\t\t\t<div class=\"oew-cta-btn oew-cta-content\">\n\t\t\t\t\t\t<span class=\"button\">\n\t\t\t\t\t\t\t\t\t\t\t\t\t\t<span>Entdecken Sie ...<\/span>\n\t\t\t\t\t\t\t<svg aria-hidden=\"true\" class=\"e-font-icon-svg e-far-arrow-alt-circle-right\" viewbox=\"0 0 512 512\" xmlns=\"http:\/\/www.w3.org\/2000\/svg\"><path d=\"M504 256C504 119 393 8 256 8S8 119 8 256s111 248 248 248 248-111 248-248zm-448 0c0-110.5 89.5-200 200-200s200 89.5 200 200-89.5 200-200 200S56 366.5 56 256zm72 20v-40c0-6.6 5.4-12 12-12h116v-67c0-10.7 12.9-16 20.5-8.5l99 99c4.7 4.7 4.7 12.3 0 17l-99 99c-7.6 7.6-20.5 2.2-20.5-8.5v-67H140c-6.6 0-12-5.4-12-12z\"><\/path><\/svg>\t\t\t\t\t\t<\/span>\n\n\t\t\t\t\t\t\t\t\t\t\t<\/div>\n\t\t\t\t\t\t\t\t<\/div>\n\t\t<\/a>\n\n\t\t\t\t\t\t<\/div>\n\t\t\t\t<\/div>\n\t\t\t\t<\/div>\n\t\t<div class=\"elementor-element elementor-element-7ef6f58 e-con-full e-flex e-con e-child\" data-id=\"7ef6f58\" data-element_type=\"container\" data-e-type=\"container\" data-settings=\"{&quot;background_background&quot;:&quot;classic&quot;}\">\n\t\t<div class=\"elementor-element elementor-element-b4b4ab0 e-con-full e-flex e-con e-child\" data-id=\"b4b4ab0\" data-element_type=\"container\" data-e-type=\"container\" data-settings=\"{&quot;background_background&quot;:&quot;classic&quot;}\">\n\t\t\t\t<div class=\"elementor-element elementor-element-02f2b79 elementor-widget__width-initial oew-cta-style-outside oew-cta--image-above oew-bg-transform oew-bg-transform-zoom-in elementor-widget elementor-widget-oew-call-to-action\" data-id=\"02f2b79\" data-element_type=\"widget\" data-e-type=\"widget\" data-widget_type=\"oew-call-to-action.default\">\n\t\t\t\t<div class=\"elementor-widget-container\">\n\t\t\t\t\t\n\t\t<a class=\"oew-cta\" href=\"https:\/\/emit-services.com\/de\/category\/blog\/voyages-a-impact\/\">\n\n\t\t\t\t\t\t\t<div class=\"oew-cta-bg-wrapper\">\n\t\t\t\t\t<div class=\"oew-cta-bg\" style=\"background-image: url(https:\/\/emit-services.com\/wp-content\/uploads\/2025\/07\/Voyages-a-impact-Repenser-la-trace-que-lon-laisse.jpg);\"><\/div>\n\t\t\t\t\t\t\t\t\t<\/div>\n\t\t\t\t\n\t\t\t<div class=\"oew-cta-inner\">\n\t\t\t\t\t\t\t\t\t<h1 class=\"oew-cta-title oew-cta-content\">\n\t\t\t\t\t\tReisen mit Auswirkungen \t\t\t\t\t<\/h1>\n\t\t\t\t\t\t\t\t\t\t<div class=\"oew-cta-description oew-cta-content\">Messen, um besser w\u00e4hlen zu k\u00f6nnen.<br>\nEine Reise hinterl\u00e4sst Spuren. Hier werden die Auswirkungen des Tourismus auf die Umwelt, Kulturen und Gemeinschaften erforscht.\n<\/div>\n\t\t\t\t\t\t\t\t\t\t<div class=\"oew-cta-btn oew-cta-content\">\n\t\t\t\t\t\t<span class=\"button\">\n\t\t\t\t\t\t\t\t\t\t\t\t\t\t<span>Entdecken Sie ...<\/span>\n\t\t\t\t\t\t\t<svg aria-hidden=\"true\" class=\"e-font-icon-svg e-far-arrow-alt-circle-right\" viewbox=\"0 0 512 512\" xmlns=\"http:\/\/www.w3.org\/2000\/svg\"><path d=\"M504 256C504 119 393 8 256 8S8 119 8 256s111 248 248 248 248-111 248-248zm-448 0c0-110.5 89.5-200 200-200s200 89.5 200 200-89.5 200-200 200S56 366.5 56 256zm72 20v-40c0-6.6 5.4-12 12-12h116v-67c0-10.7 12.9-16 20.5-8.5l99 99c4.7 4.7 4.7 12.3 0 17l-99 99c-7.6 7.6-20.5 2.2-20.5-8.5v-67H140c-6.6 0-12-5.4-12-12z\"><\/path><\/svg>\t\t\t\t\t\t<\/span>\n\n\t\t\t\t\t\t\t\t\t\t\t<\/div>\n\t\t\t\t\t\t\t\t<\/div>\n\t\t<\/a>\n\n\t\t\t\t\t\t<\/div>\n\t\t\t\t<\/div>\n\t\t\t\t<\/div>\n\t\t\t\t<\/div>\n\t\t<div class=\"elementor-element elementor-element-90d8da4 e-con-full e-flex e-con e-child\" data-id=\"90d8da4\" data-element_type=\"container\" data-e-type=\"container\" data-settings=\"{&quot;background_background&quot;:&quot;classic&quot;}\">\n\t\t<div class=\"elementor-element elementor-element-193a951 e-con-full e-flex e-con e-child\" data-id=\"193a951\" data-element_type=\"container\" data-e-type=\"container\" data-settings=\"{&quot;background_background&quot;:&quot;classic&quot;}\">\n\t\t\t\t<div class=\"elementor-element elementor-element-84fb5e1 elementor-widget__width-initial oew-cta-style-outside oew-cta--image-above oew-bg-transform oew-bg-transform-zoom-in elementor-widget elementor-widget-oew-call-to-action\" data-id=\"84fb5e1\" data-element_type=\"widget\" data-e-type=\"widget\" data-widget_type=\"oew-call-to-action.default\">\n\t\t\t\t<div class=\"elementor-widget-container\">\n\t\t\t\t\t\n\t\t<a class=\"oew-cta\" href=\"https:\/\/emit-services.com\/de\/category\/blog\/changer-le-monde\/\">\n\n\t\t\t\t\t\t\t<div class=\"oew-cta-bg-wrapper\">\n\t\t\t\t\t<div class=\"oew-cta-bg\" style=\"background-image: url(https:\/\/emit-services.com\/wp-content\/uploads\/2025\/06\/Changer-le-monde-Quand-la-rencontre-devient-reparation.jpg);\"><\/div>\n\t\t\t\t\t\t\t\t\t<\/div>\n\t\t\t\t\n\t\t\t<div class=\"oew-cta-inner\">\n\t\t\t\t\t\t\t\t\t<h1 class=\"oew-cta-title oew-cta-content\">\n\t\t\t\t\t\tVer\u00e4nderung Gestalten\t\t\t\t\t<\/h1>\n\t\t\t\t\t\t\t\t\t\t<div class=\"oew-cta-description oew-cta-content\">Ein Start zum Transformieren.<br>\nWas w\u00e4re, wenn Reisen zu einer engagierten Handlung w\u00fcrde? Entdecken Sie Projekte, Ideen und Aktionen, die jedem Schritt einen neuen Sinn verleihen.\n<\/div>\n\t\t\t\t\t\t\t\t\t\t<div class=\"oew-cta-btn oew-cta-content\">\n\t\t\t\t\t\t<span class=\"button\">\n\t\t\t\t\t\t\t\t\t\t\t\t\t\t<span>Entdecken Sie ...<\/span>\n\t\t\t\t\t\t\t<svg aria-hidden=\"true\" class=\"e-font-icon-svg e-far-arrow-alt-circle-right\" viewbox=\"0 0 512 512\" xmlns=\"http:\/\/www.w3.org\/2000\/svg\"><path d=\"M504 256C504 119 393 8 256 8S8 119 8 256s111 248 248 248 248-111 248-248zm-448 0c0-110.5 89.5-200 200-200s200 89.5 200 200-89.5 200-200 200S56 366.5 56 256zm72 20v-40c0-6.6 5.4-12 12-12h116v-67c0-10.7 12.9-16 20.5-8.5l99 99c4.7 4.7 4.7 12.3 0 17l-99 99c-7.6 7.6-20.5 2.2-20.5-8.5v-67H140c-6.6 0-12-5.4-12-12z\"><\/path><\/svg>\t\t\t\t\t\t<\/span>\n\n\t\t\t\t\t\t\t\t\t\t\t<\/div>\n\t\t\t\t\t\t\t\t<\/div>\n\t\t<\/a>\n\n\t\t\t\t\t\t<\/div>\n\t\t\t\t<\/div>\n\t\t\t\t<\/div>\n\t\t\t\t<\/div>\n\t\t\t\t<\/div>\n\t\t\t\t<\/div>","protected":false},"excerpt":{"rendered":"<p>Le magazine \u00a0Des r\u00e9cits pour inspirer. Des id\u00e9es pour agir. Voyager autrement, r\u00eaver ensemble, construire demain Et si le voyage \u00e9tait plus qu\u2019un simple d\u00e9placement ?Et s\u2019il devenait un chemin de conscience, une mani\u00e8re d\u2019habiter le monde avec respect, solidarit\u00e9 et humilit\u00e9 ? Sur ce blog, nous ne parlons pas de destinations \u00e0 la mode [&hellip;]<\/p>","protected":false},"author":1,"featured_media":0,"parent":0,"menu_order":0,"comment_status":"closed","ping_status":"closed","template":"","meta":{"give_campaign_id":0,"ocean_post_layout":"","ocean_both_sidebars_style":"","ocean_both_sidebars_content_width":0,"ocean_both_sidebars_sidebars_width":0,"ocean_sidebar":"","ocean_second_sidebar":"","ocean_disable_margins":"enable","ocean_add_body_class":"","ocean_shortcode_before_top_bar":"","ocean_shortcode_after_top_bar":"","ocean_shortcode_before_header":"","ocean_shortcode_after_header":"","ocean_has_shortcode":"","ocean_shortcode_after_title":"","ocean_shortcode_before_footer_widgets":"","ocean_shortcode_after_footer_widgets":"","ocean_shortcode_before_footer_bottom":"","ocean_shortcode_after_footer_bottom":"","ocean_display_top_bar":"default","ocean_display_header":"default","ocean_header_style":"","ocean_center_header_left_menu":"","ocean_custom_header_template":"","ocean_custom_logo":0,"ocean_custom_retina_logo":0,"ocean_custom_logo_max_width":0,"ocean_custom_logo_tablet_max_width":0,"ocean_custom_logo_mobile_max_width":0,"ocean_custom_logo_max_height":0,"ocean_custom_logo_tablet_max_height":0,"ocean_custom_logo_mobile_max_height":0,"ocean_header_custom_menu":"","ocean_menu_typo_font_family":"","ocean_menu_typo_font_subset":"","ocean_menu_typo_font_size":0,"ocean_menu_typo_font_size_tablet":0,"ocean_menu_typo_font_size_mobile":0,"ocean_menu_typo_font_size_unit":"px","ocean_menu_typo_font_weight":"","ocean_menu_typo_font_weight_tablet":"","ocean_menu_typo_font_weight_mobile":"","ocean_menu_typo_transform":"","ocean_menu_typo_transform_tablet":"","ocean_menu_typo_transform_mobile":"","ocean_menu_typo_line_height":0,"ocean_menu_typo_line_height_tablet":0,"ocean_menu_typo_line_height_mobile":0,"ocean_menu_typo_line_height_unit":"","ocean_menu_typo_spacing":0,"ocean_menu_typo_spacing_tablet":0,"ocean_menu_typo_spacing_mobile":0,"ocean_menu_typo_spacing_unit":"","ocean_menu_link_color":"","ocean_menu_link_color_hover":"","ocean_menu_link_color_active":"","ocean_menu_link_background":"","ocean_menu_link_hover_background":"","ocean_menu_link_active_background":"","ocean_menu_social_links_bg":"","ocean_menu_social_hover_links_bg":"","ocean_menu_social_links_color":"","ocean_menu_social_hover_links_color":"","ocean_disable_title":"default","ocean_disable_heading":"default","ocean_post_title":"","ocean_post_subheading":"","ocean_post_title_style":"","ocean_post_title_background_color":"","ocean_post_title_background":0,"ocean_post_title_bg_image_position":"","ocean_post_title_bg_image_attachment":"","ocean_post_title_bg_image_repeat":"","ocean_post_title_bg_image_size":"","ocean_post_title_height":0,"ocean_post_title_bg_overlay":0.5,"ocean_post_title_bg_overlay_color":"","ocean_disable_breadcrumbs":"default","ocean_breadcrumbs_color":"","ocean_breadcrumbs_separator_color":"","ocean_breadcrumbs_links_color":"","ocean_breadcrumbs_links_hover_color":"","ocean_display_footer_widgets":"default","ocean_display_footer_bottom":"default","ocean_custom_footer_template":"","footnotes":""},"class_list":["post-37102","page","type-page","status-publish","hentry","entry","owp-thumbs-layout-vertical","owp-btn-normal","owp-tabs-layout-horizontal","has-no-thumbnails","has-product-nav"],"aioseo_notices":[],"campaignId":"","_links":{"self":[{"href":"https:\/\/emit-services.com\/de\/wp-json\/wp\/v2\/pages\/37102","targetHints":{"allow":["GET"]}}],"collection":[{"href":"https:\/\/emit-services.com\/de\/wp-json\/wp\/v2\/pages"}],"about":[{"href":"https:\/\/emit-services.com\/de\/wp-json\/wp\/v2\/types\/page"}],"author":[{"embeddable":true,"href":"https:\/\/emit-services.com\/de\/wp-json\/wp\/v2\/users\/1"}],"replies":[{"embeddable":true,"href":"https:\/\/emit-services.com\/de\/wp-json\/wp\/v2\/comments?post=37102"}],"version-history":[{"count":3,"href":"https:\/\/emit-services.com\/de\/wp-json\/wp\/v2\/pages\/37102\/revisions"}],"predecessor-version":[{"id":47259,"href":"https:\/\/emit-services.com\/de\/wp-json\/wp\/v2\/pages\/37102\/revisions\/47259"}],"wp:attachment":[{"href":"https:\/\/emit-services.com\/de\/wp-json\/wp\/v2\/media?parent=37102"}],"curies":[{"name":"wp","href":"https:\/\/api.w.org\/{rel}","templated":true}]}}