{"id":43488,"date":"2025-08-09T20:58:17","date_gmt":"2025-08-09T20:58:17","guid":{"rendered":"https:\/\/emit-services.com\/?page_id=43488"},"modified":"2026-03-02T20:03:57","modified_gmt":"2026-03-02T20:03:57","slug":"projet-agriculteur","status":"publish","type":"page","link":"https:\/\/emit-services.com\/de\/projet-agriculteur\/","title":{"rendered":"Marokko-Landwirte-Projekt"},"content":{"rendered":"<div data-elementor-type=\"wp-page\" data-elementor-id=\"43488\" class=\"elementor elementor-43488\" data-elementor-post-type=\"page\">\n\t\t\t\t\t\t<section class=\"elementor-section elementor-top-section elementor-element elementor-element-10dede1 elementor-section-boxed elementor-section-height-default elementor-section-height-default\" data-id=\"10dede1\" data-element_type=\"section\" data-e-type=\"section\">\n\t\t\t\t\t\t<div class=\"elementor-container elementor-column-gap-default\">\n\t\t\t\t\t<div class=\"elementor-column elementor-col-33 elementor-top-column elementor-element elementor-element-c194012\" data-id=\"c194012\" data-element_type=\"column\" data-e-type=\"column\" data-settings=\"{&quot;background_background&quot;:&quot;classic&quot;}\">\n\t\t\t<div class=\"elementor-widget-wrap elementor-element-populated\">\n\t\t\t\t\t\t<div class=\"elementor-element elementor-element-af1c00f e-transform elementor-widget elementor-widget-image\" data-id=\"af1c00f\" data-element_type=\"widget\" data-e-type=\"widget\" data-settings=\"{&quot;_transform_translateX_effect&quot;:{&quot;unit&quot;:&quot;px&quot;,&quot;size&quot;:130,&quot;sizes&quot;:[]},&quot;_transform_translateX_effect_tablet&quot;:{&quot;unit&quot;:&quot;px&quot;,&quot;size&quot;:57,&quot;sizes&quot;:[]},&quot;_transform_translateX_effect_mobile&quot;:{&quot;unit&quot;:&quot;px&quot;,&quot;size&quot;:8,&quot;sizes&quot;:[]},&quot;_transform_translateY_effect&quot;:{&quot;unit&quot;:&quot;px&quot;,&quot;size&quot;:180,&quot;sizes&quot;:[]},&quot;_transform_translateY_effect_tablet&quot;:{&quot;unit&quot;:&quot;px&quot;,&quot;size&quot;:82,&quot;sizes&quot;:[]},&quot;_transform_translateY_effect_mobile&quot;:{&quot;unit&quot;:&quot;px&quot;,&quot;size&quot;:58,&quot;sizes&quot;:[]}}\" data-widget_type=\"image.default\">\n\t\t\t\t<div class=\"elementor-widget-container\">\n\t\t\t\t\t\t\t\t\t\t\t\t\t\t\t<img fetchpriority=\"high\" decoding=\"async\" width=\"768\" height=\"622\" src=\"https:\/\/emit-services.com\/wp-content\/uploads\/2025\/07\/cooperative-agricole-768x622.jpg\" class=\"attachment-medium_large size-medium_large wp-image-39932\" alt=\"\" srcset=\"https:\/\/emit-services.com\/wp-content\/uploads\/2025\/07\/cooperative-agricole-768x622.jpg 768w, https:\/\/emit-services.com\/wp-content\/uploads\/2025\/07\/cooperative-agricole-300x243.jpg 300w, https:\/\/emit-services.com\/wp-content\/uploads\/2025\/07\/cooperative-agricole-15x12.jpg.webp 15w, https:\/\/emit-services.com\/wp-content\/uploads\/2025\/07\/cooperative-agricole.jpg.webp 840w\" sizes=\"(max-width: 768px) 100vw, 768px\" \/>\t\t\t\t\t\t\t\t\t\t\t\t\t\t\t<\/div>\n\t\t\t\t<\/div>\n\t\t\t\t\t<\/div>\n\t\t<\/div>\n\t\t\t\t<div class=\"elementor-column elementor-col-66 elementor-top-column elementor-element elementor-element-65549c1\" data-id=\"65549c1\" data-element_type=\"column\" data-e-type=\"column\">\n\t\t\t<div class=\"elementor-widget-wrap elementor-element-populated\">\n\t\t\t\t\t\t<div class=\"elementor-element elementor-element-df3b822 elementor-widget elementor-widget-heading\" data-id=\"df3b822\" data-element_type=\"widget\" data-e-type=\"widget\" data-widget_type=\"heading.default\">\n\t\t\t\t<div class=\"elementor-widget-container\">\n\t\t\t\t\t<h2 class=\"elementor-heading-title elementor-size-default\">Agrarzusammenarbeit Europa\u2013Marokko: Austausch, Innovation und Nachhaltigkeit<\/h2>\t\t\t\t<\/div>\n\t\t\t\t<\/div>\n\t\t\t\t<div class=\"elementor-element elementor-element-0cd8ed6 elementor-widget elementor-widget-heading\" data-id=\"0cd8ed6\" data-element_type=\"widget\" data-e-type=\"widget\" data-widget_type=\"heading.default\">\n\t\t\t\t<div class=\"elementor-widget-container\">\n\t\t\t\t\t<h3 class=\"elementor-heading-title elementor-size-default\">F\u00fcr Landwirte und Genossenschaften<\/h3>\t\t\t\t<\/div>\n\t\t\t\t<\/div>\n\t\t\t\t<div class=\"elementor-element elementor-element-2e70a3f elementor-widget elementor-widget-text-editor\" data-id=\"2e70a3f\" data-element_type=\"widget\" data-e-type=\"widget\" data-widget_type=\"text-editor.default\">\n\t\t\t\t<div class=\"elementor-widget-container\">\n\t\t\t\t\t\t\t\t\t<p data-start=\"242\" data-end=\"548\">Angesichts der klimatischen, wirtschaftlichen und sozialen Herausforderungen ben\u00f6tigt die Landwirtschaft einen neuen Dialog zwischen den Regionen der Welt.<br data-start=\"769\" data-end=\"772\" \/>EMIT-Services f\u00f6rdert die Zusammenarbeit zwischen Europa und Marokko <strong data-start=\"853\" data-end=\"922\">durch Austausch-, Ausbildungs- und Wissensaustauschprogramme.<\/strong>.<br data-start=\"923\" data-end=\"926\" \/>Diese Initiativen erm\u00f6glichen es Landwirten, Genossenschaften und Institutionen, <strong data-start=\"1005\" data-end=\"1051\">gemeinsam nachhaltige L\u00f6sungen zu entwickeln,<\/strong>die an ihre Kontexte und Ressourcen angepasst sind.<\/p>\t\t\t\t\t\t\t\t<\/div>\n\t\t\t\t<\/div>\n\t\t\t\t<div class=\"elementor-element elementor-element-49beb2d elementor-widget elementor-widget-heading\" data-id=\"49beb2d\" data-element_type=\"widget\" data-e-type=\"widget\" data-widget_type=\"heading.default\">\n\t\t\t\t<div class=\"elementor-widget-container\">\n\t\t\t\t\t<h3 class=\"elementor-heading-title elementor-size-default\">Nehmen Sie an unseren immersiven Austausch- und Kooperationsprogrammen teil<\/h3>\t\t\t\t<\/div>\n\t\t\t\t<\/div>\n\t\t\t\t<div class=\"elementor-element elementor-element-ebfa17f elementor-widget elementor-widget-text-editor\" data-id=\"ebfa17f\" data-element_type=\"widget\" data-e-type=\"widget\" data-widget_type=\"text-editor.default\">\n\t\t\t\t<div class=\"elementor-widget-container\">\n\t\t\t\t\t\t\t\t\t<ul><li data-start=\"1150\" data-end=\"1220\">Entdecken Sie, wie die landwirtschaftliche Zusammenarbeit zwischen Europa und Marokko die Weitergabe nachhaltigen b\u00e4uerlichen Wissens und Innovationen in einer verantwortungsvollen Landwirtschaft f\u00f6rdert.<\/li><li style=\"text-align: left;\" data-start=\"1150\" data-end=\"1220\">Eine nachhaltigere, <strong data-start=\"1161\" data-end=\"1218\">widerstandsf\u00e4higere und gerechtere Landwirtschaft f\u00f6rdern<\/strong><\/li><li style=\"text-align: left;\" data-start=\"1223\" data-end=\"1303\">Den Austausch <strong data-start=\"1234\" data-end=\"1266\">von Know-how zwischen Landwirten<\/strong> und Genossenschaften unterst\u00fctzen<\/li><li style=\"text-align: left;\" data-start=\"1306\" data-end=\"1388\">Den agro\u00f6kologischen Wandel <strong data-start=\"1315\" data-end=\"1347\">und das verantwortungsvolle<\/strong> Wassermanagement <strong data-start=\"1354\" data-end=\"1386\">f\u00f6rdern<\/strong><\/li><li style=\"text-align: left;\" data-start=\"1391\" data-end=\"1470\">Dauerhafte <strong data-start=\"1397\" data-end=\"1426\">Partnerschaften<\/strong> zwischen l\u00e4ndlichen Akteuren in Europa und Marokko schaffen<\/li><li style=\"text-align: left;\" data-start=\"1473\" data-end=\"1559\">Landwirtschaftliche <strong data-start=\"1486\" data-end=\"1529\">und technologische Innovationen<\/strong> im Dienste der Nachhaltigkeit verbreiten<\/li><\/ul><h2 data-start=\"1566\" data-end=\"1609\"><strong data-start=\"1572\" data-end=\"1609\">Die gro\u00dfen Achsen der Zusammenarbeit<\/strong><\/h2><h3 data-start=\"1611\" data-end=\"1659\">\ud83d\udd38 Dialog und Austausch zwischen Landwirten<\/h3><p data-start=\"1660\" data-end=\"1884\">Fachliche und thematische Begegnungen, <strong data-start=\"1712\" data-end=\"1775\">um Erfahrungen, Herausforderungen und bew\u00e4hrte Praktiken zu teilen.<\/strong>.<br data-start=\"1776\" data-end=\"1779\" \/>Diese Austauschformate st\u00e4rken das gegenseitige Verst\u00e4ndnis und die Solidarit\u00e4t zwischen l\u00e4ndlichen Regionen.<\/p><h3 data-start=\"1886\" data-end=\"1925\">\ud83d\udd38 Nachhaltige landwirtschaftliche Innovationen<\/h3><p data-start=\"1926\" data-end=\"2112\">Erkundung <strong data-start=\"1942\" data-end=\"1994\">neuer Trends einer verantwortungsvollen Landwirtschaft:<\/strong> :<br data-start=\"1996\" data-end=\"1999\" \/>regenerative Landwirtschaft, Pr\u00e4zisionslandwirtschaft, Agro\u00f6kologie, Automatisierung und k\u00fcnstliche Intelligenz.<\/p><h3 data-start=\"2114\" data-end=\"2165\">\ud83d\udd38 Nachhaltige Wasser- und Ressourcenbewirtschaftung<\/h3><p data-start=\"2166\" data-end=\"2368\">Angesichts der Ressourcenknappheit f\u00f6rdert <strong data-start=\"2224\" data-end=\"2263\">das Programm lokale und kollaborative L\u00f6sungen:<\/strong> Optimierung der Bew\u00e4sserung, partizipatives Wassermanagement, Aufwertung der B\u00f6den und Biodiversit\u00e4t.<\/p><h3 data-start=\"2370\" data-end=\"2420\">\ud83d\udd38 Institutionelle Zusammenarbeit und Weiterbildung<\/h3><p data-start=\"2421\" data-end=\"2592\">Begegnungen mit Genossenschaften, <strong data-start=\"2437\" data-end=\"2514\">Landwirtschaftskammern, Universit\u00e4ten und lokalen Organisationen zur St\u00e4rkung von Kompetenzen,<\/strong> Dialog und Synergien zwischen den Regionen.<\/p><ul><li style=\"list-style-type: none;\">\u00a0<\/li><\/ul>\t\t\t\t\t\t\t\t<\/div>\n\t\t\t\t<\/div>\n\t\t\t\t<div class=\"elementor-element elementor-element-2b22989 elementor-align-right elementor-widget elementor-widget-button\" data-id=\"2b22989\" data-element_type=\"widget\" data-e-type=\"widget\" data-widget_type=\"button.default\">\n\t\t\t\t<div class=\"elementor-widget-container\">\n\t\t\t\t\t\t\t\t\t<div class=\"elementor-button-wrapper\">\n\t\t\t\t\t<a class=\"elementor-button elementor-button-link elementor-size-sm\" href=\"https:\/\/emit-services.com\/de\/kontakt\/\">\n\t\t\t\t\t\t<span class=\"elementor-button-content-wrapper\">\n\t\t\t\t\t\t\t\t\t<span class=\"elementor-button-text\">Entdecken Sie die Welt der Landwirtschaft &amp; erweitern Sie Ihr Know-how<\/span>\n\t\t\t\t\t<\/span>\n\t\t\t\t\t<\/a>\n\t\t\t\t<\/div>\n\t\t\t\t\t\t\t\t<\/div>\n\t\t\t\t<\/div>\n\t\t\t\t\t<\/div>\n\t\t<\/div>\n\t\t\t\t\t<\/div>\n\t\t<\/section>\n\t\t<div class=\"elementor-element elementor-element-c7b5e95 e-flex e-con-boxed e-con e-parent\" data-id=\"c7b5e95\" data-element_type=\"container\" data-e-type=\"container\">\n\t\t\t\t\t<div class=\"e-con-inner\">\n\t\t\t\t<div class=\"elementor-element elementor-element-f86deae elementor-widget elementor-widget-heading\" data-id=\"f86deae\" data-element_type=\"widget\" data-e-type=\"widget\" data-widget_type=\"heading.default\">\n\t\t\t\t<div class=\"elementor-widget-container\">\n\t\t\t\t\t<h3 class=\"elementor-heading-title elementor-size-default\"><br>Warum diese Zusammenarbeit unerl\u00e4sslich ist<br><\/h3>\t\t\t\t<\/div>\n\t\t\t\t<\/div>\n\t\t\t\t<div class=\"elementor-element elementor-element-0187d96 elementor-widget elementor-widget-text-editor\" data-id=\"0187d96\" data-element_type=\"widget\" data-e-type=\"widget\" data-widget_type=\"text-editor.default\">\n\t\t\t\t<div class=\"elementor-widget-container\">\n\t\t\t\t\t\t\t\t\t<h2 data-start=\"2599\" data-end=\"2654\">\u00a0<\/h2><blockquote data-start=\"2656\" data-end=\"3100\"><p data-start=\"2658\" data-end=\"3100\">Marokko ist heute ein bedeutender Akteur in der landwirtschaftlichen Produktion und im Export.<br data-start=\"2746\" data-end=\"2749\" \/>Europa und Marokko stehen vor denselben Herausforderungen: den Schutz der nat\u00fcrlichen Ressourcen, die Unterst\u00fctzung der Landwirte und die Gew\u00e4hrleistung einer nachhaltigen Ern\u00e4hrung.<br data-start=\"2899\" data-end=\"2902\" \/>Dieses Programm bietet <strong data-start=\"2929\" data-end=\"2955\">einen kollaborativen Ansatz,<\/strong> um zuk\u00fcnftige Ungleichgewichte zu vermeiden, konkrete L\u00f6sungen auszutauschen und Br\u00fccken <strong data-start=\"3040\" data-end=\"3097\">zwischen den Landwirtschaftssystemen beider Regionen zu bauen.<\/strong>.<\/p><\/blockquote><hr data-start=\"3102\" data-end=\"3105\" \/><h2 data-start=\"3107\" data-end=\"3130\"><strong data-start=\"3113\" data-end=\"3130\">\u00a0 \u00a0 \u00a0 F\u00fcr wen?<\/strong><\/h2><p data-start=\"3132\" data-end=\"3160\">Dieses Programm richtet sich an:<\/p><ul data-start=\"3161\" data-end=\"3395\"><li data-start=\"3161\" data-end=\"3215\"><p data-start=\"3163\" data-end=\"3215\">Landwirte und Genossenschaften in Europa und Marokko<\/p><\/li><li data-start=\"3216\" data-end=\"3280\"><p data-start=\"3218\" data-end=\"3280\">Agrartechniker, Ingenieure, Forschende und Lehrkr\u00e4fte<\/p><\/li><li data-start=\"3281\" data-end=\"3338\"><p data-start=\"3283\" data-end=\"3338\">L\u00e4ndliche Institutionen, NGOs und Entwicklungsakteure<\/p><\/li><li data-start=\"3339\" data-end=\"3395\"><p data-start=\"3341\" data-end=\"3395\">Agrarstudierende und junge Projekttr\u00e4ger<\/p><\/li><\/ul><hr data-start=\"3397\" data-end=\"3400\" \/><h2 data-start=\"3402\" data-end=\"3439\"><strong data-start=\"3408\" data-end=\"3439\">\u00a0Was Sie tun k\u00f6nnen<\/strong><\/h2><blockquote data-start=\"3441\" data-end=\"3608\"><p data-start=\"3443\" data-end=\"3608\"><strong data-start=\"3446\" data-end=\"3485\">\u00a0An einem Austauschprogramm teilnehmen<\/strong><br data-start=\"3485\" data-end=\"3488\" \/>\u00a0<strong data-start=\"3493\" data-end=\"3548\">Ihre Erfahrungen oder nachhaltigen Praktiken teilen<\/strong><br data-start=\"3548\" data-end=\"3551\" \/>\u00a0<strong data-start=\"3556\" data-end=\"3606\">Eine Zusammenarbeit oder ein gemeinsames Projekt vorschlagen<\/strong><\/p><\/blockquote><p data-start=\"3610\" data-end=\"3736\"><strong data-start=\"3610\" data-end=\"3688\">\u00a0 <a class=\"decorated-link cursor-pointer\" target=\"_new\" rel=\"noopener\" data-start=\"3615\" data-end=\"3686\">Kontaktieren Sie uns, um mehr zu erfahren<\/a><\/strong><\/p><hr data-start=\"3740\" data-end=\"3743\" \/><h2 data-start=\"3745\" data-end=\"3772\"><strong data-start=\"3751\" data-end=\"3772\">\u00a0 \u00a0 Erwartete Wirkung<\/strong><\/h2><ul data-start=\"3774\" data-end=\"4018\"><li data-start=\"3774\" data-end=\"3829\"><p data-start=\"3776\" data-end=\"3829\">Wissenstransfer zwischen l\u00e4ndlichen Regionen<\/p><\/li><li data-start=\"3830\" data-end=\"3893\"><p data-start=\"3832\" data-end=\"3893\">St\u00e4rkung der Resilienz gegen\u00fcber dem Klimawandel<\/p><\/li><li data-start=\"3894\" data-end=\"3944\"><p data-start=\"3896\" data-end=\"3944\">Faire und respektvolle Nord-S\u00fcd-Zusammenarbeit<\/p><\/li><li data-start=\"3945\" data-end=\"4018\"><p data-start=\"3947\" data-end=\"4018\">Beitrag zu den Zielen f\u00fcr nachhaltige Entwicklung (SDG 2, 12, 13, 17)<\/p><\/li><\/ul><hr data-start=\"4020\" data-end=\"4023\" \/><h2 data-start=\"4025\" data-end=\"4062\"><strong data-start=\"4031\" data-end=\"4062\">\u00a0 \u00a0 \u00dcber EMIT-Services<\/strong><\/h2><blockquote data-start=\"4064\" data-end=\"4422\"><p data-start=\"4066\" data-end=\"4422\">EMIT-Services ist eine Organisation mit sozialem und \u00f6kologischem Impact, die internationale Initiativen in den Bereichen Ausbildung, <strong data-start=\"4195\" data-end=\"4250\">Zusammenarbeit und nachhaltiger Tourismus entwickelt.<\/strong>.<br data-start=\"4251\" data-end=\"4254\" \/>Unsere Projekte zielen darauf ab, Br\u00fccken zwischen Kulturen zu bauen und \u00f6kologische \u00dcberg\u00e4nge in den Bereichen Tourismus, Bildung und Landwirtschaft zu unterst\u00fctzen.<\/p><\/blockquote>\t\t\t\t\t\t\t\t<\/div>\n\t\t\t\t<\/div>\n\t\t\t\t<div class=\"elementor-element elementor-element-0dc205e elementor-widget elementor-widget-heading\" data-id=\"0dc205e\" data-element_type=\"widget\" data-e-type=\"widget\" data-widget_type=\"heading.default\">\n\t\t\t\t<div class=\"elementor-widget-container\">\n\t\t\t\t\t<h3 class=\"elementor-heading-title elementor-size-default\"> Sind Sie an diesem Programm interessiert? M\u00f6chten Sie es f\u00fcr Ihre Gruppe anpassen oder gemeinsam ein ma\u00dfgeschneidertes Projekt entwickeln?<\/h3>\t\t\t\t<\/div>\n\t\t\t\t<\/div>\n\t\t\t\t<div class=\"elementor-element elementor-element-0334fe1 elementor-widget elementor-widget-text-editor\" data-id=\"0334fe1\" data-element_type=\"widget\" data-e-type=\"widget\" data-widget_type=\"text-editor.default\">\n\t\t\t\t<div class=\"elementor-widget-container\">\n\t\t\t\t\t\t\t\t\t<p style=\"text-align: center;\" data-start=\"1818\" data-end=\"1912\">\ud83d\udce9 Kontaktieren Sie uns, um die vollst\u00e4ndige Dokumentation zu erhalten und \u00fcber Ihre Ziele zu sprechen.<\/p>\t\t\t\t\t\t\t\t<\/div>\n\t\t\t\t<\/div>\n\t\t\t\t<div class=\"elementor-element elementor-element-1e4c6e2 elementor-align-center elementor-widget elementor-widget-button\" data-id=\"1e4c6e2\" data-element_type=\"widget\" data-e-type=\"widget\" data-widget_type=\"button.default\">\n\t\t\t\t<div class=\"elementor-widget-container\">\n\t\t\t\t\t\t\t\t\t<div class=\"elementor-button-wrapper\">\n\t\t\t\t\t<a class=\"elementor-button elementor-button-link elementor-size-sm\" href=\"https:\/\/emit-services.com\/de\/kontakt\/\">\n\t\t\t\t\t\t<span class=\"elementor-button-content-wrapper\">\n\t\t\t\t\t\t\t\t\t<span class=\"elementor-button-text\">Entdecken Sie die Agrarwelt \u2013 Kooperieren und gemeinsam vorankommen  <\/span>\n\t\t\t\t\t<\/span>\n\t\t\t\t\t<\/a>\n\t\t\t\t<\/div>\n\t\t\t\t\t\t\t\t<\/div>\n\t\t\t\t<\/div>\n\t\t\t\t\t<\/div>\n\t\t\t\t<\/div>\n\t\t\t\t<\/div>","protected":false},"excerpt":{"rendered":"<p>Coop\u00e9ration Agricole Europe\u2013Maroc : \u00c9changes, Innovation et Durabilit\u00e9 Pour agriculteurs et coop\u00e9ratives Face aux d\u00e9fis climatiques, \u00e9conomiques et sociaux, l\u2019agriculture a besoin d\u2019un nouveau dialogue entre les r\u00e9gions du monde.EMIT-Services favorise la coop\u00e9ration entre l\u2019Europe et le Maroc \u00e0 travers des programmes d\u2019\u00e9change, de formation et de partage de connaissances.Ces initiatives permettent aux agriculteurs, coop\u00e9ratives [&hellip;]<\/p>","protected":false},"author":1,"featured_media":0,"parent":0,"menu_order":0,"comment_status":"closed","ping_status":"closed","template":"","meta":{"give_campaign_id":0,"ocean_post_layout":"","ocean_both_sidebars_style":"","ocean_both_sidebars_content_width":0,"ocean_both_sidebars_sidebars_width":0,"ocean_sidebar":"","ocean_second_sidebar":"","ocean_disable_margins":"enable","ocean_add_body_class":"","ocean_shortcode_before_top_bar":"","ocean_shortcode_after_top_bar":"","ocean_shortcode_before_header":"","ocean_shortcode_after_header":"","ocean_has_shortcode":"","ocean_shortcode_after_title":"","ocean_shortcode_before_footer_widgets":"","ocean_shortcode_after_footer_widgets":"","ocean_shortcode_before_footer_bottom":"","ocean_shortcode_after_footer_bottom":"","ocean_display_top_bar":"default","ocean_display_header":"default","ocean_header_style":"","ocean_center_header_left_menu":"","ocean_custom_header_template":"","ocean_custom_logo":0,"ocean_custom_retina_logo":0,"ocean_custom_logo_max_width":0,"ocean_custom_logo_tablet_max_width":0,"ocean_custom_logo_mobile_max_width":0,"ocean_custom_logo_max_height":0,"ocean_custom_logo_tablet_max_height":0,"ocean_custom_logo_mobile_max_height":0,"ocean_header_custom_menu":"","ocean_menu_typo_font_family":"","ocean_menu_typo_font_subset":"","ocean_menu_typo_font_size":0,"ocean_menu_typo_font_size_tablet":0,"ocean_menu_typo_font_size_mobile":0,"ocean_menu_typo_font_size_unit":"px","ocean_menu_typo_font_weight":"","ocean_menu_typo_font_weight_tablet":"","ocean_menu_typo_font_weight_mobile":"","ocean_menu_typo_transform":"","ocean_menu_typo_transform_tablet":"","ocean_menu_typo_transform_mobile":"","ocean_menu_typo_line_height":0,"ocean_menu_typo_line_height_tablet":0,"ocean_menu_typo_line_height_mobile":0,"ocean_menu_typo_line_height_unit":"","ocean_menu_typo_spacing":0,"ocean_menu_typo_spacing_tablet":0,"ocean_menu_typo_spacing_mobile":0,"ocean_menu_typo_spacing_unit":"","ocean_menu_link_color":"","ocean_menu_link_color_hover":"","ocean_menu_link_color_active":"","ocean_menu_link_background":"","ocean_menu_link_hover_background":"","ocean_menu_link_active_background":"","ocean_menu_social_links_bg":"","ocean_menu_social_hover_links_bg":"","ocean_menu_social_links_color":"","ocean_menu_social_hover_links_color":"","ocean_disable_title":"default","ocean_disable_heading":"default","ocean_post_title":"","ocean_post_subheading":"","ocean_post_title_style":"","ocean_post_title_background_color":"","ocean_post_title_background":0,"ocean_post_title_bg_image_position":"","ocean_post_title_bg_image_attachment":"","ocean_post_title_bg_image_repeat":"","ocean_post_title_bg_image_size":"","ocean_post_title_height":0,"ocean_post_title_bg_overlay":0.5,"ocean_post_title_bg_overlay_color":"","ocean_disable_breadcrumbs":"default","ocean_breadcrumbs_color":"","ocean_breadcrumbs_separator_color":"","ocean_breadcrumbs_links_color":"","ocean_breadcrumbs_links_hover_color":"","ocean_display_footer_widgets":"default","ocean_display_footer_bottom":"default","ocean_custom_footer_template":"","footnotes":""},"class_list":["post-43488","page","type-page","status-publish","hentry","entry","owp-thumbs-layout-vertical","owp-btn-normal","owp-tabs-layout-horizontal","has-no-thumbnails","has-product-nav"],"aioseo_notices":[],"campaignId":"","_links":{"self":[{"href":"https:\/\/emit-services.com\/de\/wp-json\/wp\/v2\/pages\/43488","targetHints":{"allow":["GET"]}}],"collection":[{"href":"https:\/\/emit-services.com\/de\/wp-json\/wp\/v2\/pages"}],"about":[{"href":"https:\/\/emit-services.com\/de\/wp-json\/wp\/v2\/types\/page"}],"author":[{"embeddable":true,"href":"https:\/\/emit-services.com\/de\/wp-json\/wp\/v2\/users\/1"}],"replies":[{"embeddable":true,"href":"https:\/\/emit-services.com\/de\/wp-json\/wp\/v2\/comments?post=43488"}],"version-history":[{"count":51,"href":"https:\/\/emit-services.com\/de\/wp-json\/wp\/v2\/pages\/43488\/revisions"}],"predecessor-version":[{"id":47305,"href":"https:\/\/emit-services.com\/de\/wp-json\/wp\/v2\/pages\/43488\/revisions\/47305"}],"wp:attachment":[{"href":"https:\/\/emit-services.com\/de\/wp-json\/wp\/v2\/media?parent=43488"}],"curies":[{"name":"wp","href":"https:\/\/api.w.org\/{rel}","templated":true}]}}