{"id":10481,"date":"2023-07-12T19:14:03","date_gmt":"2023-07-12T19:14:03","guid":{"rendered":"https:\/\/emit-services.com\/?post_type=product&#038;p=10481"},"modified":"2025-10-15T14:55:06","modified_gmt":"2025-10-15T14:55:06","slug":"agadir-en-package-hotel-5-3-jours-2-nuits","status":"publish","type":"product","link":"https:\/\/emit-services.com\/de\/produkt\/agadir-pack-5\/","title":{"rendered":"AGADIR \u2013 Aufenthalt im 5 - Sterne-Hotel (3 Tage \/ 2 N\u00e4chte)"},"content":{"rendered":"<div data-elementor-type=\"product-post\" data-elementor-id=\"10481\" class=\"elementor elementor-10481\" data-elementor-post-type=\"product\">\n\t\t\t\t<div class=\"elementor-element elementor-element-c6009d7 e-flex e-con-boxed e-con e-parent\" data-id=\"c6009d7\" data-element_type=\"container\" data-e-type=\"container\">\n\t\t\t\t\t<div class=\"e-con-inner\">\n\t\t<div class=\"elementor-element elementor-element-a80d95f e-con-full e-flex e-con e-child\" data-id=\"a80d95f\" data-element_type=\"container\" data-e-type=\"container\" data-settings=\"{&quot;background_background&quot;:&quot;classic&quot;}\">\n\t\t\t\t<div class=\"elementor-element elementor-element-098508c elementor-widget elementor-widget-text-editor\" data-id=\"098508c\" data-element_type=\"widget\" data-e-type=\"widget\" data-widget_type=\"text-editor.default\">\n\t\t\t\t<div class=\"elementor-widget-container\">\n\t\t\t\t\t\t\t\t\t<div class=\"summary entry-summary\"><div class=\"woocommerce-product-details__short-description\"><h3 style=\"text-align: center;\"><span style=\"color: #ff6060;\"><strong>Vorgeschlagene H\u00f4tel kategorien oder \u00e4hnliche H\u00f4tel s je nach Verf\u00fcgbarkeit<\/strong><\/span><\/h3><p>\u00a0<\/p><ul><li><strong style=\"font-size: 16px;\"><span style=\"color: #ffffff;\">H\u00f4tel  Dominium Palace 5 \u00e9toiles<\/span><\/strong><\/li><li><strong><span style=\"color: #ffffff;\">H\u00f4tel Tikida Golf Palace 5 \u00e9toiles<\/span><\/strong><\/li><li><strong><span style=\"color: #ffffff;\">H\u00f4tel  Sofitel Royal Bay Resort 5 \u00e9toiles<\/span><\/strong><\/li><\/ul><\/div><\/div><hr \/><h3>\u00a0<\/h3><h3 style=\"text-align: center;\"><span style=\"color: #ff6060;\"><strong>Dienstleistungen und Einrichtungen des H\u00f4tel s<\/strong><\/span><\/h3><p><span style=\"color: #ffffff;\"><strong>Zimmer mit (1 oder 2 Betten) * Badezimmerausstattung * Zimmerservice * Klimaanlage * kostenloser WIFI-Anschluss * Restaurant *<\/strong> <strong>24-Stunden-Rezeption * Lage im Stadtzentrum *<\/strong> <\/span><strong><span style=\"color: #ffffff;\">Nichtraucherzimmer * Restaurant * Bar * <\/span><\/strong><span style=\"color: #ffffff;\"><strong>Safe * Aufzug * Reinigungsservice * Business-Service *<\/strong><strong> Wechselstube   * Concierge-Service   * 24-Stunden-Zimmerservice   * Spa- und Fitnesscenter   * Swimmingpool   * Fitness <\/strong><\/span><span style=\"color: #ffffff;\"><strong>Privatparkplatz * 24-Stunden-Sicherheitsteam * Souvenirladen.\u00a0 \u00a0<\/strong><\/span><\/p><p>\u00a0<\/p><p style=\"text-align: center;\"><span style=\"color: #ff6060;\"><strong>Kundenservice, der vor, w\u00e4hrend und nach Ihrem Aufenthalt zur Verf\u00fcgung steht.<\/strong><\/span><\/p><p style=\"text-align: center;\"><span style=\"color: #ff6060;\"><strong>+212 637.29.85.06<\/strong><\/span><\/p><hr \/>\t\t\t\t\t\t\t\t<\/div>\n\t\t\t\t<\/div>\n\t\t\t\t<\/div>\n\t\t<div class=\"elementor-element elementor-element-93f42e6 e-con-full e-flex e-con e-child\" data-id=\"93f42e6\" data-element_type=\"container\" data-e-type=\"container\" data-settings=\"{&quot;background_background&quot;:&quot;classic&quot;}\">\n\t\t\t\t<div class=\"elementor-element elementor-element-2a97176 elementor-widget elementor-widget-text-editor\" data-id=\"2a97176\" data-element_type=\"widget\" data-e-type=\"widget\" data-widget_type=\"text-editor.default\">\n\t\t\t\t<div class=\"elementor-widget-container\">\n\t\t\t\t\t\t\t\t\t<h2>\u00a0<\/h2><h1><span style=\"color: #ff6060;\"><strong>Das Paket umfasst\u00a0<\/strong><\/span><\/h1><ul><li><span style=\"color: #333333;\"><strong>Personalisierter Empfang.<\/strong><\/span><\/li><li><span style=\"color: #333333;\"><strong>Transfer vom und zum Flughafen\/H\u00f4tel .<\/strong><\/span><\/li><li><span style=\"color: #333333;\"><strong>Unterbringung 3 Tage \/2 N\u00e4chte im Superior-Zimmer.<\/strong><\/span><\/li><li><span style=\"color: #333333;\"><strong>2 x reichhaltiges Fr\u00fchst\u00fcck.<\/strong><\/span><\/li><li><span style=\"color: #333333;\"><strong>Ausstattung und Dienstleistungen eines von EMIT Services ausgew\u00e4hlten 5*-H\u00f4tel s.<\/strong><\/span><\/li><li><span style=\"color: #333333;\"><strong>Fr\u00fchzeitige Ankunft und sp\u00e4te Abreise (je nach Verf\u00fcgbarkeit)<\/strong><\/span><\/li><li><span style=\"color: #333333;\"><strong>Lokale Steuern.<\/strong><\/span><\/li><li><span style=\"color: #333333;\"><strong>Betreuung w\u00e4hrend Ihres gesamten Aufenthalts.<\/strong><\/span><\/li><\/ul><h1>\u00a0<\/h1><h1><span style=\"color: #ff6060;\">Wesentliche Vorteile<\/span><\/h1><ul><li><span style=\"color: #333333;\"><strong>W\u00e4hlen Sie Ihre Aufenthaltsdaten frei aus.<\/strong><\/span><\/li><li><span style=\"color: #333333;\"><strong>Verl\u00e4ngern Sie Ihren Aufenthalt ganz einfach.<\/strong><\/span><\/li><li><span style=\"color: #333333;\"><strong>Zahlen Sie einfach und sicher mit SSL-Verschl\u00fcsselung per Kreditkarte oder Bank\u00fcberweisung.<\/strong><\/span><\/li><\/ul><h1>\u00a0<\/h1><h1><span style=\"color: #ff6060;\">Gut zu wissen<\/span><\/h1><ul><li><span style=\"color: #333333;\"><strong>Unsere Transfers werden an Ihre Ankunfts- und Abflugzeiten angepasst.<\/strong><\/span><\/li><li><span style=\"color: #333333;\"><strong>Denken Sie daran, uns Ihre Flugdaten per E-Mail an info@emit-services.com mitzuteilen.<\/strong><\/span><\/li><li><span style=\"color: #333333;\"><strong>Viele Flugh\u00e4fen und Fluggesellschaften bieten fast t\u00e4glich Fl\u00fcge nach Marokko an.<\/strong><\/span><\/li><li><span style=\"color: #020101;\">En choisissant ce s\u00e9jour, vous contribuez directement au d\u00e9veloppement de l&rsquo;\u00e9conomie locale.C&rsquo;est une action concr\u00e8te qui finance et soutient nos projets et initiatives sur le terrain.<\/span><\/li><\/ul>\t\t\t\t\t\t\t\t<\/div>\n\t\t\t\t<\/div>\n\t\t\t\t<\/div>\n\t\t\t\t\t<\/div>\n\t\t\t\t<\/div>\n\t\t<div class=\"elementor-element elementor-element-1260803 e-flex e-con-boxed e-con e-parent\" data-id=\"1260803\" data-element_type=\"container\" data-e-type=\"container\">\n\t\t\t\t\t<div class=\"e-con-inner\">\n\t\t\t\t<div class=\"elementor-element elementor-element-9187883 elementor-widget elementor-widget-text-editor\" data-id=\"9187883\" data-element_type=\"widget\" data-e-type=\"widget\" data-widget_type=\"text-editor.default\">\n\t\t\t\t<div class=\"elementor-widget-container\">\n\t\t\t\t\t\t\t\t\t<h3><strong>235 \u20ac pro Person im Doppelzimmer mit Fr\u00fchst\u00fcck.<\/strong><\/h3><h3><strong>445 \u20ac f\u00fcr eine Person im Einzelzimmer mit Fr\u00fchst\u00fcck .<\/strong><\/h3><h3><strong>118 \u20ac f\u00fcr 1 Kind von (3 bis 12 Jahren im Zimmer der Eltern) mit Fr\u00fchst\u00fcck.<\/strong><\/h3><ul><li><span style=\"color: #333333;\"><strong>W\u00e4hlen Sie das Anreisedatum Ihres Aufenthalts frei aus. Sie k\u00f6nnen Ihren Aufenthalt verl\u00e4ngern, zus\u00e4tzliche \u00dcbernachtungen hinzuf\u00fcgen und Ihre Unterkunft ganz nach Ihren W\u00fcnschen weiter genie\u00dfen.<\/strong><\/span><\/li><\/ul>\t\t\t\t\t\t\t\t<\/div>\n\t\t\t\t<\/div>\n\t\t\t\t\t<\/div>\n\t\t\t\t<\/div>\n\t\t\t\t<\/div>","protected":false},"excerpt":{"rendered":"<p>Cat\u00e9gories d\u2019H\u00f4tels propos\u00e9s ou similaires\u00a0 selon disponibilit\u00e9 \u00a0 H\u00f4tel Dominium Palace 5 \u00e9toiles H\u00f4telTikida Golf Palace 5 \u00e9toiles H\u00f4tel Sofitel Royal Bay Resort 5 \u00e9toiles \u00a0 Services et \u00e9quipements d&rsquo;H\u00f4tel Chambre avec (1 ou 2 lits) * \u00c9quipements salle de bain\u00a0 * Service d\u2019\u00e9tage\u00a0 * Climatisation \u00a0* connexion WIFI gratuite \u00a0 * Restaurant \u00a0* R\u00e9ception [&hellip;]<\/p>","protected":false},"featured_media":42603,"template":"","meta":{"give_campaign_id":0,"ocean_post_layout":"","ocean_both_sidebars_style":"","ocean_both_sidebars_content_width":0,"ocean_both_sidebars_sidebars_width":0,"ocean_sidebar":"0","ocean_second_sidebar":"0","ocean_disable_margins":"enable","ocean_add_body_class":"","ocean_shortcode_before_top_bar":"","ocean_shortcode_after_top_bar":"","ocean_shortcode_before_header":"","ocean_shortcode_after_header":"","ocean_has_shortcode":"","ocean_shortcode_after_title":"","ocean_shortcode_before_footer_widgets":"","ocean_shortcode_after_footer_widgets":"","ocean_shortcode_before_footer_bottom":"","ocean_shortcode_after_footer_bottom":"","ocean_display_top_bar":"default","ocean_display_header":"default","ocean_header_style":"","ocean_center_header_left_menu":"0","ocean_custom_header_template":"0","ocean_custom_logo":0,"ocean_custom_retina_logo":0,"ocean_custom_logo_max_width":0,"ocean_custom_logo_tablet_max_width":0,"ocean_custom_logo_mobile_max_width":0,"ocean_custom_logo_max_height":0,"ocean_custom_logo_tablet_max_height":0,"ocean_custom_logo_mobile_max_height":0,"ocean_header_custom_menu":"0","ocean_menu_typo_font_family":"0","ocean_menu_typo_font_subset":"","ocean_menu_typo_font_size":0,"ocean_menu_typo_font_size_tablet":0,"ocean_menu_typo_font_size_mobile":0,"ocean_menu_typo_font_size_unit":"px","ocean_menu_typo_font_weight":"","ocean_menu_typo_font_weight_tablet":"","ocean_menu_typo_font_weight_mobile":"","ocean_menu_typo_transform":"","ocean_menu_typo_transform_tablet":"","ocean_menu_typo_transform_mobile":"","ocean_menu_typo_line_height":0,"ocean_menu_typo_line_height_tablet":0,"ocean_menu_typo_line_height_mobile":0,"ocean_menu_typo_line_height_unit":"","ocean_menu_typo_spacing":0,"ocean_menu_typo_spacing_tablet":0,"ocean_menu_typo_spacing_mobile":0,"ocean_menu_typo_spacing_unit":"","ocean_menu_link_color":"","ocean_menu_link_color_hover":"","ocean_menu_link_color_active":"","ocean_menu_link_background":"","ocean_menu_link_hover_background":"","ocean_menu_link_active_background":"","ocean_menu_social_links_bg":"","ocean_menu_social_hover_links_bg":"","ocean_menu_social_links_color":"","ocean_menu_social_hover_links_color":"","ocean_disable_title":"default","ocean_disable_heading":"default","ocean_post_title":"","ocean_post_subheading":"","ocean_post_title_style":"","ocean_post_title_background_color":"","ocean_post_title_background":0,"ocean_post_title_bg_image_position":"","ocean_post_title_bg_image_attachment":"","ocean_post_title_bg_image_repeat":"","ocean_post_title_bg_image_size":"","ocean_post_title_height":0,"ocean_post_title_bg_overlay":0.5,"ocean_post_title_bg_overlay_color":"","ocean_disable_breadcrumbs":"default","ocean_breadcrumbs_color":"","ocean_breadcrumbs_separator_color":"","ocean_breadcrumbs_links_color":"","ocean_breadcrumbs_links_hover_color":"","ocean_display_footer_widgets":"default","ocean_display_footer_bottom":"default","ocean_custom_footer_template":"0"},"product_brand":[],"product_cat":[95,115],"product_tag":[],"class_list":{"0":"post-10481","1":"product","2":"type-product","3":"status-publish","4":"has-post-thumbnail","6":"product_cat-agadir","7":"product_cat-maroc-sejours","8":"yith_booking_service-agadir-package-5-nombre-de-nuits-supplementaires-pour-1-enfant-3-a-12-ansdans-la-chambre-des-parents","9":"yith_booking_service-agadir-package-5-nombre-de-nuits-supplementaires-pour-1-personne-en-chambre-individuelle","10":"yith_booking_service-agadir-package-5-nombre-de-nuits-supplementaires-pour-2-personnes-en-chambre-double","12":"entry","13":"has-media","15":"first","16":"instock","17":"virtual","18":"sold-individually","19":"purchasable","20":"product-type-booking","21":"has-product-nav","22":"col","23":"span_1_of_4","24":"owp-content-center","25":"owp-thumbs-layout-vertical","26":"owp-btn-normal","27":"owp-tabs-layout-horizontal"},"aioseo_notices":[],"_links":{"self":[{"href":"https:\/\/emit-services.com\/de\/wp-json\/wp\/v2\/product\/10481","targetHints":{"allow":["GET"]}}],"collection":[{"href":"https:\/\/emit-services.com\/de\/wp-json\/wp\/v2\/product"}],"about":[{"href":"https:\/\/emit-services.com\/de\/wp-json\/wp\/v2\/types\/product"}],"version-history":[{"count":7,"href":"https:\/\/emit-services.com\/de\/wp-json\/wp\/v2\/product\/10481\/revisions"}],"predecessor-version":[{"id":46062,"href":"https:\/\/emit-services.com\/de\/wp-json\/wp\/v2\/product\/10481\/revisions\/46062"}],"wp:featuredmedia":[{"embeddable":true,"href":"https:\/\/emit-services.com\/de\/wp-json\/wp\/v2\/media\/42603"}],"wp:attachment":[{"href":"https:\/\/emit-services.com\/de\/wp-json\/wp\/v2\/media?parent=10481"}],"wp:term":[{"taxonomy":"product_brand","embeddable":true,"href":"https:\/\/emit-services.com\/de\/wp-json\/wp\/v2\/product_brand?post=10481"},{"taxonomy":"product_cat","embeddable":true,"href":"https:\/\/emit-services.com\/de\/wp-json\/wp\/v2\/product_cat?post=10481"},{"taxonomy":"product_tag","embeddable":true,"href":"https:\/\/emit-services.com\/de\/wp-json\/wp\/v2\/product_tag?post=10481"}],"curies":[{"name":"wp","href":"https:\/\/api.w.org\/{rel}","templated":true}]}}