{"id":37102,"date":"2025-06-29T17:00:48","date_gmt":"2025-06-29T17:00:48","guid":{"rendered":"https:\/\/emit-services.com\/?page_id=37102"},"modified":"2026-03-01T14:08:43","modified_gmt":"2026-03-01T14:08:43","slug":"magazine","status":"publish","type":"page","link":"https:\/\/emit-services.com\/en\/magazine\/","title":{"rendered":"magazine"},"content":{"rendered":"<div data-elementor-type=\"wp-page\" data-elementor-id=\"37102\" class=\"elementor elementor-37102\" data-elementor-post-type=\"page\">\n\t\t\t\t<div class=\"elementor-element elementor-element-8efa1de e-con-full e-flex e-con e-parent\" data-id=\"8efa1de\" data-element_type=\"container\" data-e-type=\"container\" data-settings=\"{&quot;background_background&quot;:&quot;classic&quot;}\">\n\t\t\t\t<div class=\"elementor-element elementor-element-7e33036 elementor-widget elementor-widget-heading\" data-id=\"7e33036\" data-element_type=\"widget\" data-e-type=\"widget\" data-widget_type=\"heading.default\">\n\t\t\t\t<div class=\"elementor-widget-container\">\n\t\t\t\t\t<h4 class=\"elementor-heading-title elementor-size-default\">The Magazine<\/h4>\t\t\t\t<\/div>\n\t\t\t\t<\/div>\n\t\t\t\t<\/div>\n\t\t<div class=\"elementor-element elementor-element-08644b5 e-flex e-con-boxed e-con e-parent\" data-id=\"08644b5\" data-element_type=\"container\" data-e-type=\"container\">\n\t\t\t\t\t<div class=\"e-con-inner\">\n\t\t\t\t<div class=\"elementor-element elementor-element-56a756e elementor-widget elementor-widget-text-editor\" data-id=\"56a756e\" data-element_type=\"widget\" data-e-type=\"widget\" data-widget_type=\"text-editor.default\">\n\t\t\t\t<div class=\"elementor-widget-container\">\n\t\t\t\t\t\t\t\t\t<p style=\"text-align: center;\" data-start=\"448\" data-end=\"465\">\u00a0Stories to inspire. Ideas for action.<\/p><p data-start=\"267\" data-end=\"323\"><strong data-start=\"267\" data-end=\"323\">Travel differently, dream together, build tomorrow.<\/strong><\/p><p data-start=\"325\" data-end=\"494\">What if travel were more than just going from place to place?<br data-start=\"378\" data-end=\"381\" \/>What if it became a path of awareness \u2014 a way to inhabit the world with respect, solidarity, and humility?<\/p><p data-start=\"496\" data-end=\"781\">On this blog, we don\u2019t talk about trendy destinations or travel performance. We share stories, encounters, and paths less travelled. We write for those who seek meaning in their steps, who want to create connection rather than consume a place.<\/p><h3 data-start=\"783\" data-end=\"843\"><strong data-start=\"81\" data-end=\"141\">\u00a0 Through our thematic categories, you will discover:<\/strong><\/h3><p data-start=\"783\" data-end=\"843\">\u00a0 inspiring initiatives, profiles of committed changemakers, off-the-beaten-path travel stories, and reflections on meaningful tourism.<\/p><p style=\"text-align: center;\" data-start=\"82\" data-end=\"386\"><strong data-start=\"82\" data-end=\"197\">\u00a0 Each article is an invitation to slow down, to observe, and to rethink the way we travel... and the way we relate to the world.<\/strong><br data-start=\"197\" data-end=\"200\" \/>Because travelling can be an act of love \u2014 for the planet, for its people, for all living beings.<br data-start=\"290\" data-end=\"293\" \/>\u00a0 \u27a1 <strong data-start=\"295\" data-end=\"386\">\u27a1 Let yourself be guided, explore our sections, and become a storyteller of meaning.<\/strong><\/p>\t\t\t\t\t\t\t\t<\/div>\n\t\t\t\t<\/div>\n\t\t\t\t\t<\/div>\n\t\t\t\t<\/div>\n\t\t<div class=\"elementor-element elementor-element-1bfe0a1 e-con-full e-flex e-con e-child\" data-id=\"1bfe0a1\" data-element_type=\"container\" data-e-type=\"container\" data-settings=\"{&quot;background_background&quot;:&quot;classic&quot;}\">\n\t\t\t\t<div class=\"elementor-element elementor-element-a63fc76 elementor-widget elementor-widget-heading\" data-id=\"a63fc76\" data-element_type=\"widget\" data-e-type=\"widget\" data-widget_type=\"heading.default\">\n\t\t\t\t<div class=\"elementor-widget-container\">\n\t\t\t\t\t<div class=\"elementor-heading-title elementor-size-default\">Topics That Matter<\/div>\t\t\t\t<\/div>\n\t\t\t\t<\/div>\n\t\t\t\t<\/div>\n\t\t<div class=\"elementor-element elementor-element-b747c8b e-con-full e-flex e-con e-parent\" data-id=\"b747c8b\" data-element_type=\"container\" data-e-type=\"container\">\n\t\t<div class=\"elementor-element elementor-element-eb1d5ce e-con-full e-flex e-con e-child\" data-id=\"eb1d5ce\" data-element_type=\"container\" data-e-type=\"container\" data-settings=\"{&quot;background_background&quot;:&quot;classic&quot;}\">\n\t\t\t\t<div class=\"elementor-element elementor-element-436ddcd elementor-widget__width-initial oew-cta-style-outside oew-cta--image-above oew-bg-transform oew-bg-transform-zoom-in elementor-widget elementor-widget-oew-call-to-action\" data-id=\"436ddcd\" data-element_type=\"widget\" data-e-type=\"widget\" data-widget_type=\"oew-call-to-action.default\">\n\t\t\t\t<div class=\"elementor-widget-container\">\n\t\t\t\t\t\n\t\t<a class=\"oew-cta\" href=\"https:\/\/emit-services.com\/en\/category\/blog\/tourisme-solidaire\/\">\n\n\t\t\t\t\t\t\t<div class=\"oew-cta-bg-wrapper\">\n\t\t\t\t\t<div class=\"oew-cta-bg\" style=\"background-image: url(https:\/\/emit-services.com\/wp-content\/uploads\/2025\/06\/Tourisme-solidaire-Offrir-du-sens-a-chaque-destination.jpg);\"><\/div>\n\t\t\t\t\t\t\t\t\t<\/div>\n\t\t\t\t\n\t\t\t<div class=\"oew-cta-inner\">\n\t\t\t\t\t\t\t\t\t<h2 class=\"oew-cta-title oew-cta-content\">\n\t\t\t\t\t\tResponsible Tourism\t\t\t\t\t<\/h2>\n\t\t\t\t\t\t\t\t\t\t<div class=\"oew-cta-description oew-cta-content\">Meeting new people. <br>Travel is also about creating links. Fair trade trips, local immersion, shared projects: <br>here, exchange takes precedence over consumption.<\/div>\n\t\t\t\t\t\t\t\t\t\t<div class=\"oew-cta-btn oew-cta-content\">\n\t\t\t\t\t\t<span class=\"button\">\n\t\t\t\t\t\t\t\t\t\t\t\t\t\t<span>Discover ...<\/span>\n\t\t\t\t\t\t\t<svg aria-hidden=\"true\" class=\"e-font-icon-svg e-far-arrow-alt-circle-right\" viewbox=\"0 0 512 512\" xmlns=\"http:\/\/www.w3.org\/2000\/svg\"><path d=\"M504 256C504 119 393 8 256 8S8 119 8 256s111 248 248 248 248-111 248-248zm-448 0c0-110.5 89.5-200 200-200s200 89.5 200 200-89.5 200-200 200S56 366.5 56 256zm72 20v-40c0-6.6 5.4-12 12-12h116v-67c0-10.7 12.9-16 20.5-8.5l99 99c4.7 4.7 4.7 12.3 0 17l-99 99c-7.6 7.6-20.5 2.2-20.5-8.5v-67H140c-6.6 0-12-5.4-12-12z\"><\/path><\/svg>\t\t\t\t\t\t<\/span>\n\n\t\t\t\t\t\t\t\t\t\t\t<\/div>\n\t\t\t\t\t\t\t\t<\/div>\n\t\t<\/a>\n\n\t\t\t\t\t\t<\/div>\n\t\t\t\t<\/div>\n\t\t\t\t<\/div>\n\t\t<div class=\"elementor-element elementor-element-5f7f59a e-con-full e-flex e-con e-child\" data-id=\"5f7f59a\" data-element_type=\"container\" data-e-type=\"container\" data-settings=\"{&quot;background_background&quot;:&quot;classic&quot;}\">\n\t\t<div class=\"elementor-element elementor-element-6b66a9d e-con-full e-flex e-con e-child\" data-id=\"6b66a9d\" data-element_type=\"container\" data-e-type=\"container\" data-settings=\"{&quot;background_background&quot;:&quot;classic&quot;}\">\n\t\t\t\t<div class=\"elementor-element elementor-element-3c5b9a2 elementor-widget__width-initial oew-cta-style-outside oew-cta--image-above oew-bg-transform oew-bg-transform-zoom-in elementor-widget elementor-widget-oew-call-to-action\" data-id=\"3c5b9a2\" data-element_type=\"widget\" data-e-type=\"widget\" data-widget_type=\"oew-call-to-action.default\">\n\t\t\t\t<div class=\"elementor-widget-container\">\n\t\t\t\t\t\n\t\t<a class=\"oew-cta\" href=\"https:\/\/emit-services.com\/en\/category\/blog\/tourisme-durable\/\">\n\n\t\t\t\t\t\t\t<div class=\"oew-cta-bg-wrapper\">\n\t\t\t\t\t<div class=\"oew-cta-bg\" style=\"background-image: url(https:\/\/emit-services.com\/wp-content\/uploads\/2025\/06\/Tourisme-durable-une-opportunite-a-saisir-un-avenir-a-construire-1-.jpg);\"><\/div>\n\t\t\t\t\t\t\t\t\t<\/div>\n\t\t\t\t\n\t\t\t<div class=\"oew-cta-inner\">\n\t\t\t\t\t\t\t\t\t<h2 class=\"oew-cta-title oew-cta-content\">\n\t\t\t\t\t\tSustainable Tourism\t\t\t\t\t<\/h2>\n\t\t\t\t\t\t\t\t\t\t<div class=\"oew-cta-description oew-cta-content\">Travelling differently, really.<br>\nFewer kilometers, more meaning. Preserving landscapes, slowing down the pace, respecting nature: <br>a regenerating journey.<\/div>\n\t\t\t\t\t\t\t\t\t\t<div class=\"oew-cta-btn oew-cta-content\">\n\t\t\t\t\t\t<span class=\"button\">\n\t\t\t\t\t\t\t\t\t\t\t\t\t\t<span>Discover ...<\/span>\n\t\t\t\t\t\t\t<svg aria-hidden=\"true\" class=\"e-font-icon-svg e-far-arrow-alt-circle-right\" viewbox=\"0 0 512 512\" xmlns=\"http:\/\/www.w3.org\/2000\/svg\"><path d=\"M504 256C504 119 393 8 256 8S8 119 8 256s111 248 248 248 248-111 248-248zm-448 0c0-110.5 89.5-200 200-200s200 89.5 200 200-89.5 200-200 200S56 366.5 56 256zm72 20v-40c0-6.6 5.4-12 12-12h116v-67c0-10.7 12.9-16 20.5-8.5l99 99c4.7 4.7 4.7 12.3 0 17l-99 99c-7.6 7.6-20.5 2.2-20.5-8.5v-67H140c-6.6 0-12-5.4-12-12z\"><\/path><\/svg>\t\t\t\t\t\t<\/span>\n\n\t\t\t\t\t\t\t\t\t\t\t<\/div>\n\t\t\t\t\t\t\t\t<\/div>\n\t\t<\/a>\n\n\t\t\t\t\t\t<\/div>\n\t\t\t\t<\/div>\n\t\t\t\t<\/div>\n\t\t\t\t<\/div>\n\t\t<div class=\"elementor-element elementor-element-92f790c e-con-full e-flex e-con e-child\" data-id=\"92f790c\" data-element_type=\"container\" data-e-type=\"container\" data-settings=\"{&quot;background_background&quot;:&quot;classic&quot;}\">\n\t\t<div class=\"elementor-element elementor-element-e4bebbd e-con-full e-flex e-con e-child\" data-id=\"e4bebbd\" data-element_type=\"container\" data-e-type=\"container\" data-settings=\"{&quot;background_background&quot;:&quot;classic&quot;}\">\n\t\t\t\t<div class=\"elementor-element elementor-element-ac4c332 elementor-widget__width-initial oew-cta-style-outside oew-cta--image-above oew-bg-transform oew-bg-transform-zoom-in elementor-widget elementor-widget-oew-call-to-action\" data-id=\"ac4c332\" data-element_type=\"widget\" data-e-type=\"widget\" data-widget_type=\"oew-call-to-action.default\">\n\t\t\t\t<div class=\"elementor-widget-container\">\n\t\t\t\t\t\n\t\t<a class=\"oew-cta\" href=\"https:\/\/emit-services.com\/en\/category\/blog\/tourisme-responsable\/\">\n\n\t\t\t\t\t\t\t<div class=\"oew-cta-bg-wrapper\">\n\t\t\t\t\t<div class=\"oew-cta-bg\" style=\"background-image: url(https:\/\/emit-services.com\/wp-content\/uploads\/2025\/06\/Tourisme-responsable-Vers-une-hospitalite-ethique-et-humaine-1.jpg);\"><\/div>\n\t\t\t\t\t\t\t\t\t<\/div>\n\t\t\t\t\n\t\t\t<div class=\"oew-cta-inner\">\n\t\t\t\t\t\t\t\t\t<h1 class=\"oew-cta-title oew-cta-content\">\n\t\t\t\t\t\tResponsible Tourism\t\t\t\t\t<\/h1>\n\t\t\t\t\t\t\t\t\t\t<div class=\"oew-cta-description oew-cta-content\">Choose with heart and reason.<br>\nEvery decision counts. Transportation, lodging, local shopping:<br>Here, we learn to travel ethically and lucidly.\n<\/div>\n\t\t\t\t\t\t\t\t\t\t<div class=\"oew-cta-btn oew-cta-content\">\n\t\t\t\t\t\t<span class=\"button\">\n\t\t\t\t\t\t\t\t\t\t\t\t\t\t<span>Discover ...<\/span>\n\t\t\t\t\t\t\t<svg aria-hidden=\"true\" class=\"e-font-icon-svg e-far-arrow-alt-circle-right\" viewbox=\"0 0 512 512\" xmlns=\"http:\/\/www.w3.org\/2000\/svg\"><path d=\"M504 256C504 119 393 8 256 8S8 119 8 256s111 248 248 248 248-111 248-248zm-448 0c0-110.5 89.5-200 200-200s200 89.5 200 200-89.5 200-200 200S56 366.5 56 256zm72 20v-40c0-6.6 5.4-12 12-12h116v-67c0-10.7 12.9-16 20.5-8.5l99 99c4.7 4.7 4.7 12.3 0 17l-99 99c-7.6 7.6-20.5 2.2-20.5-8.5v-67H140c-6.6 0-12-5.4-12-12z\"><\/path><\/svg>\t\t\t\t\t\t<\/span>\n\n\t\t\t\t\t\t\t\t\t\t\t<\/div>\n\t\t\t\t\t\t\t\t<\/div>\n\t\t<\/a>\n\n\t\t\t\t\t\t<\/div>\n\t\t\t\t<\/div>\n\t\t\t\t<\/div>\n\t\t\t\t<\/div>\n\t\t\t\t<\/div>\n\t\t<div class=\"elementor-element elementor-element-0e52948 e-con-full e-flex e-con e-parent\" data-id=\"0e52948\" data-element_type=\"container\" data-e-type=\"container\">\n\t\t<div class=\"elementor-element elementor-element-f176145 e-con-full e-flex e-con e-child\" data-id=\"f176145\" data-element_type=\"container\" data-e-type=\"container\" data-settings=\"{&quot;background_background&quot;:&quot;classic&quot;}\">\n\t\t\t\t<div class=\"elementor-element elementor-element-48baef6 elementor-widget__width-initial oew-cta-style-outside oew-cta--image-above oew-bg-transform oew-bg-transform-zoom-in elementor-widget elementor-widget-oew-call-to-action\" data-id=\"48baef6\" data-element_type=\"widget\" data-e-type=\"widget\" data-widget_type=\"oew-call-to-action.default\">\n\t\t\t\t<div class=\"elementor-widget-container\">\n\t\t\t\t\t\n\t\t<a class=\"oew-cta\" href=\"https:\/\/emit-services.com\/en\/category\/blog\/voyager-en-conscience\/\">\n\n\t\t\t\t\t\t\t<div class=\"oew-cta-bg-wrapper\">\n\t\t\t\t\t<div class=\"oew-cta-bg\" style=\"background-image: url(https:\/\/emit-services.com\/wp-content\/uploads\/2025\/07\/Voyager-en-conscience-Le-monde-merite-mieux-que-du-tourisme-rapide.jpg);\"><\/div>\n\t\t\t\t\t\t\t\t\t<\/div>\n\t\t\t\t\n\t\t\t<div class=\"oew-cta-inner\">\n\t\t\t\t\t\t\t\t\t<h1 class=\"oew-cta-title oew-cta-content\">\n\t\t\t\t\t\tTravel with Awareness\t\t\t\t\t<\/h1>\n\t\t\t\t\t\t\t\t\t\t<div class=\"oew-cta-description oew-cta-content\">The art of setting off on a high note.\nBefore setting out, an intention. These stories invite us to slow down, observe and feel. Travel becomes an inner journey.<\/div>\n\t\t\t\t\t\t\t\t\t\t<div class=\"oew-cta-btn oew-cta-content\">\n\t\t\t\t\t\t<span class=\"button\">\n\t\t\t\t\t\t\t\t\t\t\t\t\t\t<span>Discover ...<\/span>\n\t\t\t\t\t\t\t<svg aria-hidden=\"true\" class=\"e-font-icon-svg e-far-arrow-alt-circle-right\" viewbox=\"0 0 512 512\" xmlns=\"http:\/\/www.w3.org\/2000\/svg\"><path d=\"M504 256C504 119 393 8 256 8S8 119 8 256s111 248 248 248 248-111 248-248zm-448 0c0-110.5 89.5-200 200-200s200 89.5 200 200-89.5 200-200 200S56 366.5 56 256zm72 20v-40c0-6.6 5.4-12 12-12h116v-67c0-10.7 12.9-16 20.5-8.5l99 99c4.7 4.7 4.7 12.3 0 17l-99 99c-7.6 7.6-20.5 2.2-20.5-8.5v-67H140c-6.6 0-12-5.4-12-12z\"><\/path><\/svg>\t\t\t\t\t\t<\/span>\n\n\t\t\t\t\t\t\t\t\t\t\t<\/div>\n\t\t\t\t\t\t\t\t<\/div>\n\t\t<\/a>\n\n\t\t\t\t\t\t<\/div>\n\t\t\t\t<\/div>\n\t\t\t\t<\/div>\n\t\t<div class=\"elementor-element elementor-element-7ef6f58 e-con-full e-flex e-con e-child\" data-id=\"7ef6f58\" data-element_type=\"container\" data-e-type=\"container\" data-settings=\"{&quot;background_background&quot;:&quot;classic&quot;}\">\n\t\t<div class=\"elementor-element elementor-element-b4b4ab0 e-con-full e-flex e-con e-child\" data-id=\"b4b4ab0\" data-element_type=\"container\" data-e-type=\"container\" data-settings=\"{&quot;background_background&quot;:&quot;classic&quot;}\">\n\t\t\t\t<div class=\"elementor-element elementor-element-02f2b79 elementor-widget__width-initial oew-cta-style-outside oew-cta--image-above oew-bg-transform oew-bg-transform-zoom-in elementor-widget elementor-widget-oew-call-to-action\" data-id=\"02f2b79\" data-element_type=\"widget\" data-e-type=\"widget\" data-widget_type=\"oew-call-to-action.default\">\n\t\t\t\t<div class=\"elementor-widget-container\">\n\t\t\t\t\t\n\t\t<a class=\"oew-cta\" href=\"https:\/\/emit-services.com\/en\/category\/blog\/voyages-a-impact\/\">\n\n\t\t\t\t\t\t\t<div class=\"oew-cta-bg-wrapper\">\n\t\t\t\t\t<div class=\"oew-cta-bg\" style=\"background-image: url(https:\/\/emit-services.com\/wp-content\/uploads\/2025\/07\/Voyages-a-impact-Repenser-la-trace-que-lon-laisse.jpg);\"><\/div>\n\t\t\t\t\t\t\t\t\t<\/div>\n\t\t\t\t\n\t\t\t<div class=\"oew-cta-inner\">\n\t\t\t\t\t\t\t\t\t<h1 class=\"oew-cta-title oew-cta-content\">\n\t\t\t\t\t\tImpact travel \t\t\t\t\t<\/h1>\n\t\t\t\t\t\t\t\t\t\t<div class=\"oew-cta-description oew-cta-content\">Measure to choose.<br>\nA trip leaves its mark. We explore the effects of tourism on the environment, cultures and communities.\n<\/div>\n\t\t\t\t\t\t\t\t\t\t<div class=\"oew-cta-btn oew-cta-content\">\n\t\t\t\t\t\t<span class=\"button\">\n\t\t\t\t\t\t\t\t\t\t\t\t\t\t<span>Discover ...<\/span>\n\t\t\t\t\t\t\t<svg aria-hidden=\"true\" class=\"e-font-icon-svg e-far-arrow-alt-circle-right\" viewbox=\"0 0 512 512\" xmlns=\"http:\/\/www.w3.org\/2000\/svg\"><path d=\"M504 256C504 119 393 8 256 8S8 119 8 256s111 248 248 248 248-111 248-248zm-448 0c0-110.5 89.5-200 200-200s200 89.5 200 200-89.5 200-200 200S56 366.5 56 256zm72 20v-40c0-6.6 5.4-12 12-12h116v-67c0-10.7 12.9-16 20.5-8.5l99 99c4.7 4.7 4.7 12.3 0 17l-99 99c-7.6 7.6-20.5 2.2-20.5-8.5v-67H140c-6.6 0-12-5.4-12-12z\"><\/path><\/svg>\t\t\t\t\t\t<\/span>\n\n\t\t\t\t\t\t\t\t\t\t\t<\/div>\n\t\t\t\t\t\t\t\t<\/div>\n\t\t<\/a>\n\n\t\t\t\t\t\t<\/div>\n\t\t\t\t<\/div>\n\t\t\t\t<\/div>\n\t\t\t\t<\/div>\n\t\t<div class=\"elementor-element elementor-element-90d8da4 e-con-full e-flex e-con e-child\" data-id=\"90d8da4\" data-element_type=\"container\" data-e-type=\"container\" data-settings=\"{&quot;background_background&quot;:&quot;classic&quot;}\">\n\t\t<div class=\"elementor-element elementor-element-193a951 e-con-full e-flex e-con e-child\" data-id=\"193a951\" data-element_type=\"container\" data-e-type=\"container\" data-settings=\"{&quot;background_background&quot;:&quot;classic&quot;}\">\n\t\t\t\t<div class=\"elementor-element elementor-element-84fb5e1 elementor-widget__width-initial oew-cta-style-outside oew-cta--image-above oew-bg-transform oew-bg-transform-zoom-in elementor-widget elementor-widget-oew-call-to-action\" data-id=\"84fb5e1\" data-element_type=\"widget\" data-e-type=\"widget\" data-widget_type=\"oew-call-to-action.default\">\n\t\t\t\t<div class=\"elementor-widget-container\">\n\t\t\t\t\t\n\t\t<a class=\"oew-cta\" href=\"https:\/\/emit-services.com\/en\/category\/blog\/changer-le-monde\/\">\n\n\t\t\t\t\t\t\t<div class=\"oew-cta-bg-wrapper\">\n\t\t\t\t\t<div class=\"oew-cta-bg\" style=\"background-image: url(https:\/\/emit-services.com\/wp-content\/uploads\/2025\/06\/Changer-le-monde-Quand-la-rencontre-devient-reparation.jpg);\"><\/div>\n\t\t\t\t\t\t\t\t\t<\/div>\n\t\t\t\t\n\t\t\t<div class=\"oew-cta-inner\">\n\t\t\t\t\t\t\t\t\t<h1 class=\"oew-cta-title oew-cta-content\">\n\t\t\t\t\t\tBe the Change\t\t\t\t\t<\/h1>\n\t\t\t\t\t\t\t\t\t\t<div class=\"oew-cta-description oew-cta-content\">A departure to transform.<br>\nWhat if travel became an act of commitment? Discover projects, ideas and actions that give meaning to every step.\n<\/div>\n\t\t\t\t\t\t\t\t\t\t<div class=\"oew-cta-btn oew-cta-content\">\n\t\t\t\t\t\t<span class=\"button\">\n\t\t\t\t\t\t\t\t\t\t\t\t\t\t<span>Discover ...<\/span>\n\t\t\t\t\t\t\t<svg aria-hidden=\"true\" class=\"e-font-icon-svg e-far-arrow-alt-circle-right\" viewbox=\"0 0 512 512\" xmlns=\"http:\/\/www.w3.org\/2000\/svg\"><path d=\"M504 256C504 119 393 8 256 8S8 119 8 256s111 248 248 248 248-111 248-248zm-448 0c0-110.5 89.5-200 200-200s200 89.5 200 200-89.5 200-200 200S56 366.5 56 256zm72 20v-40c0-6.6 5.4-12 12-12h116v-67c0-10.7 12.9-16 20.5-8.5l99 99c4.7 4.7 4.7 12.3 0 17l-99 99c-7.6 7.6-20.5 2.2-20.5-8.5v-67H140c-6.6 0-12-5.4-12-12z\"><\/path><\/svg>\t\t\t\t\t\t<\/span>\n\n\t\t\t\t\t\t\t\t\t\t\t<\/div>\n\t\t\t\t\t\t\t\t<\/div>\n\t\t<\/a>\n\n\t\t\t\t\t\t<\/div>\n\t\t\t\t<\/div>\n\t\t\t\t<\/div>\n\t\t\t\t<\/div>\n\t\t\t\t<\/div>\n\t\t\t\t<\/div>","protected":false},"excerpt":{"rendered":"<p>Le magazine \u00a0Des r\u00e9cits pour inspirer. Des id\u00e9es pour agir. Voyager autrement, r\u00eaver ensemble, construire demain Et si le voyage \u00e9tait plus qu\u2019un simple d\u00e9placement ?Et s\u2019il devenait un chemin de conscience, une mani\u00e8re d\u2019habiter le monde avec respect, solidarit\u00e9 et humilit\u00e9 ? Sur ce blog, nous ne parlons pas de destinations \u00e0 la mode [&hellip;]<\/p>","protected":false},"author":1,"featured_media":0,"parent":0,"menu_order":0,"comment_status":"closed","ping_status":"closed","template":"","meta":{"give_campaign_id":0,"ocean_post_layout":"","ocean_both_sidebars_style":"","ocean_both_sidebars_content_width":0,"ocean_both_sidebars_sidebars_width":0,"ocean_sidebar":"","ocean_second_sidebar":"","ocean_disable_margins":"enable","ocean_add_body_class":"","ocean_shortcode_before_top_bar":"","ocean_shortcode_after_top_bar":"","ocean_shortcode_before_header":"","ocean_shortcode_after_header":"","ocean_has_shortcode":"","ocean_shortcode_after_title":"","ocean_shortcode_before_footer_widgets":"","ocean_shortcode_after_footer_widgets":"","ocean_shortcode_before_footer_bottom":"","ocean_shortcode_after_footer_bottom":"","ocean_display_top_bar":"default","ocean_display_header":"default","ocean_header_style":"","ocean_center_header_left_menu":"","ocean_custom_header_template":"","ocean_custom_logo":0,"ocean_custom_retina_logo":0,"ocean_custom_logo_max_width":0,"ocean_custom_logo_tablet_max_width":0,"ocean_custom_logo_mobile_max_width":0,"ocean_custom_logo_max_height":0,"ocean_custom_logo_tablet_max_height":0,"ocean_custom_logo_mobile_max_height":0,"ocean_header_custom_menu":"","ocean_menu_typo_font_family":"","ocean_menu_typo_font_subset":"","ocean_menu_typo_font_size":0,"ocean_menu_typo_font_size_tablet":0,"ocean_menu_typo_font_size_mobile":0,"ocean_menu_typo_font_size_unit":"px","ocean_menu_typo_font_weight":"","ocean_menu_typo_font_weight_tablet":"","ocean_menu_typo_font_weight_mobile":"","ocean_menu_typo_transform":"","ocean_menu_typo_transform_tablet":"","ocean_menu_typo_transform_mobile":"","ocean_menu_typo_line_height":0,"ocean_menu_typo_line_height_tablet":0,"ocean_menu_typo_line_height_mobile":0,"ocean_menu_typo_line_height_unit":"","ocean_menu_typo_spacing":0,"ocean_menu_typo_spacing_tablet":0,"ocean_menu_typo_spacing_mobile":0,"ocean_menu_typo_spacing_unit":"","ocean_menu_link_color":"","ocean_menu_link_color_hover":"","ocean_menu_link_color_active":"","ocean_menu_link_background":"","ocean_menu_link_hover_background":"","ocean_menu_link_active_background":"","ocean_menu_social_links_bg":"","ocean_menu_social_hover_links_bg":"","ocean_menu_social_links_color":"","ocean_menu_social_hover_links_color":"","ocean_disable_title":"default","ocean_disable_heading":"default","ocean_post_title":"","ocean_post_subheading":"","ocean_post_title_style":"","ocean_post_title_background_color":"","ocean_post_title_background":0,"ocean_post_title_bg_image_position":"","ocean_post_title_bg_image_attachment":"","ocean_post_title_bg_image_repeat":"","ocean_post_title_bg_image_size":"","ocean_post_title_height":0,"ocean_post_title_bg_overlay":0.5,"ocean_post_title_bg_overlay_color":"","ocean_disable_breadcrumbs":"default","ocean_breadcrumbs_color":"","ocean_breadcrumbs_separator_color":"","ocean_breadcrumbs_links_color":"","ocean_breadcrumbs_links_hover_color":"","ocean_display_footer_widgets":"default","ocean_display_footer_bottom":"default","ocean_custom_footer_template":"","footnotes":""},"class_list":["post-37102","page","type-page","status-publish","hentry","entry","owp-thumbs-layout-vertical","owp-btn-normal","owp-tabs-layout-horizontal","has-no-thumbnails","has-product-nav"],"aioseo_notices":[],"campaignId":"","_links":{"self":[{"href":"https:\/\/emit-services.com\/en\/wp-json\/wp\/v2\/pages\/37102","targetHints":{"allow":["GET"]}}],"collection":[{"href":"https:\/\/emit-services.com\/en\/wp-json\/wp\/v2\/pages"}],"about":[{"href":"https:\/\/emit-services.com\/en\/wp-json\/wp\/v2\/types\/page"}],"author":[{"embeddable":true,"href":"https:\/\/emit-services.com\/en\/wp-json\/wp\/v2\/users\/1"}],"replies":[{"embeddable":true,"href":"https:\/\/emit-services.com\/en\/wp-json\/wp\/v2\/comments?post=37102"}],"version-history":[{"count":3,"href":"https:\/\/emit-services.com\/en\/wp-json\/wp\/v2\/pages\/37102\/revisions"}],"predecessor-version":[{"id":47259,"href":"https:\/\/emit-services.com\/en\/wp-json\/wp\/v2\/pages\/37102\/revisions\/47259"}],"wp:attachment":[{"href":"https:\/\/emit-services.com\/en\/wp-json\/wp\/v2\/media?parent=37102"}],"curies":[{"name":"wp","href":"https:\/\/api.w.org\/{rel}","templated":true}]}}