{"id":37391,"date":"2025-07-01T09:34:40","date_gmt":"2025-07-01T09:34:40","guid":{"rendered":"https:\/\/emit-services.com\/?page_id=37391"},"modified":"2026-03-01T20:45:17","modified_gmt":"2026-03-01T20:45:17","slug":"nous-soutenir","status":"publish","type":"page","link":"https:\/\/emit-services.com\/en\/nous-soutenir\/","title":{"rendered":"Support us"},"content":{"rendered":"<div data-elementor-type=\"wp-page\" data-elementor-id=\"37391\" class=\"elementor elementor-37391\" data-elementor-post-type=\"page\">\n\t\t\t\t<div class=\"elementor-element elementor-element-aa68007 e-flex e-con-boxed e-con e-parent\" data-id=\"aa68007\" data-element_type=\"container\" data-e-type=\"container\">\n\t\t\t\t\t<div class=\"e-con-inner\">\n\t\t<div class=\"elementor-element elementor-element-3dae984 e-con-full e-flex e-con e-child\" data-id=\"3dae984\" data-element_type=\"container\" data-e-type=\"container\" data-settings=\"{&quot;background_background&quot;:&quot;classic&quot;}\">\n\t\t\t\t<div class=\"elementor-element elementor-element-af3f81f elementor-widget elementor-widget-heading\" data-id=\"af3f81f\" data-element_type=\"widget\" data-e-type=\"widget\" data-widget_type=\"heading.default\">\n\t\t\t\t<div class=\"elementor-widget-container\">\n\t\t\t\t\t<h2 class=\"elementor-heading-title elementor-size-default\">We truly appreciate your support for our mission.<\/h2>\t\t\t\t<\/div>\n\t\t\t\t<\/div>\n\t\t\t\t<\/div>\n\t\t\t\t<div class=\"elementor-element elementor-element-5b8cd01 elementor-widget elementor-widget-heading\" data-id=\"5b8cd01\" data-element_type=\"widget\" data-e-type=\"widget\" data-widget_type=\"heading.default\">\n\t\t\t\t<div class=\"elementor-widget-container\">\n\t\t\t\t\t<h3 class=\"elementor-heading-title elementor-size-default\">Thanks to you,<br> another kind of tourism is possible: fair, respectful, sustainable.<\/h3>\t\t\t\t<\/div>\n\t\t\t\t<\/div>\n\t\t\t\t\t<\/div>\n\t\t\t\t<\/div>\n\t\t<div class=\"elementor-element elementor-element-16c86be e-flex e-con-boxed e-con e-parent\" data-id=\"16c86be\" data-element_type=\"container\" data-e-type=\"container\">\n\t\t\t\t\t<div class=\"e-con-inner\">\n\t\t\t\t<div class=\"elementor-element elementor-element-2249b32 elementor-widget elementor-widget-text-editor\" data-id=\"2249b32\" data-element_type=\"widget\" data-e-type=\"widget\" data-widget_type=\"text-editor.default\">\n\t\t\t\t<div class=\"elementor-widget-container\">\n\t\t\t\t\t\t\t\t\t<p data-start=\"283\" data-end=\"380\"><strong>EMIT-Services is an initiative of the German-Moroccan Association for the Training and Development of the Congress and Events Industry \u2013 DMV-MICE e.V., a public-benefit organization in Germany. It is also supported by Google for Nonprofits and several national and international institutional initiatives.<\/strong><\/p><p style=\"text-align: center;\" data-start=\"382\" data-end=\"455\">Do you believe in our mission? Your generosity makes all the difference.<\/p><p style=\"text-align: center;\" data-start=\"457\" data-end=\"575\">Together, thanks to you, we work every day for a fairer, more inclusive and more sustainable world.<\/p>\t\t\t\t\t\t\t\t<\/div>\n\t\t\t\t<\/div>\n\t\t\t\t\t<\/div>\n\t\t\t\t<\/div>\n\t\t<div class=\"elementor-element elementor-element-67c144d e-flex e-con-boxed e-con e-parent\" data-id=\"67c144d\" data-element_type=\"container\" data-e-type=\"container\">\n\t\t\t\t\t<div class=\"e-con-inner\">\n\t\t\t\t<div class=\"elementor-element elementor-element-f099ec0 elementor-widget elementor-widget-givewp_donation_form\" data-id=\"f099ec0\" data-element_type=\"widget\" data-e-type=\"widget\" data-settings=\"{&quot;display_style&quot;:&quot;onpage&quot;}\" data-widget_type=\"givewp_donation_form.default\">\n\t\t\t\t\t<div class='root-data-givewp-embed' data-form-locale='en_US' data-form-url='https:\/\/emit-services.com\/?post_type=give_forms&#038;p=37936' data-form-view-url='https:\/\/emit-services.com\/en\/?givewp-route=donation-form-view&form-id=37936' data-src='https:\/\/emit-services.com\/en\/?givewp-route=donation-form-view&form-id=37936' data-givewp-embed-id='give-form-shortcode-1' data-form-format='onpage' data-open-form-button='Donate now' style='--givewp-primary-color: #0b72d9; --givewp-secondary-color: #27ae60;'><\/div>\t\t\t\t<\/div>\n\t\t\t\t\t<\/div>\n\t\t\t\t<\/div>\n\t\t<div class=\"elementor-element elementor-element-8dfe1c4 e-flex e-con-boxed e-con e-parent\" data-id=\"8dfe1c4\" data-element_type=\"container\" data-e-type=\"container\">\n\t\t\t\t\t<div class=\"e-con-inner\">\n\t\t<div class=\"elementor-element elementor-element-6a8ed93 e-con-full e-flex e-con e-child\" data-id=\"6a8ed93\" data-element_type=\"container\" data-e-type=\"container\">\n\t\t\t\t<div class=\"elementor-element elementor-element-d4e4443 elementor-widget elementor-widget-image\" data-id=\"d4e4443\" data-element_type=\"widget\" data-e-type=\"widget\" data-widget_type=\"image.default\">\n\t\t\t\t<div class=\"elementor-widget-container\">\n\t\t\t\t\t\t\t\t\t\t\t\t\t\t\t<img fetchpriority=\"high\" decoding=\"async\" width=\"680\" height=\"940\" src=\"https:\/\/emit-services.com\/wp-content\/uploads\/2025\/09\/don-emit-sevice-solidarite.jpg\" class=\"attachment-large size-large wp-image-45022\" alt=\"\" srcset=\"https:\/\/emit-services.com\/wp-content\/uploads\/2025\/09\/don-emit-sevice-solidarite.jpg 680w, https:\/\/emit-services.com\/wp-content\/uploads\/2025\/09\/don-emit-sevice-solidarite-217x300.jpg 217w, https:\/\/emit-services.com\/wp-content\/uploads\/2025\/09\/don-emit-sevice-solidarite-9x12.jpg 9w, https:\/\/emit-services.com\/wp-content\/uploads\/2025\/09\/don-emit-sevice-solidarite-300x415.jpg 300w\" sizes=\"(max-width: 680px) 100vw, 680px\" \/>\t\t\t\t\t\t\t\t\t\t\t\t\t\t\t<\/div>\n\t\t\t\t<\/div>\n\t\t\t\t<\/div>\n\t\t<div class=\"elementor-element elementor-element-1ced95f e-con-full e-flex e-con e-child\" data-id=\"1ced95f\" data-element_type=\"container\" data-e-type=\"container\">\n\t\t\t\t<div class=\"elementor-element elementor-element-c865eae elementor-widget elementor-widget-heading\" data-id=\"c865eae\" data-element_type=\"widget\" data-e-type=\"widget\" data-widget_type=\"heading.default\">\n\t\t\t\t<div class=\"elementor-widget-container\">\n\t\t\t\t\t<h4 class=\"elementor-heading-title elementor-size-default\">Each contribution,<br>\n even modest, helps us to:<\/h4>\t\t\t\t<\/div>\n\t\t\t\t<\/div>\n\t\t\t\t<div class=\"elementor-element elementor-element-458e508 elementor-widget elementor-widget-text-editor\" data-id=\"458e508\" data-element_type=\"widget\" data-e-type=\"widget\" data-widget_type=\"text-editor.default\">\n\t\t\t\t<div class=\"elementor-widget-container\">\n\t\t\t\t\t\t\t\t\t<ul><li><strong data-start=\"630\" data-end=\"689\">Supporting projects with a social and environmental impact<\/strong><\/li><li><strong data-start=\"695\" data-end=\"738\">Creating resources accessible to all<\/strong><\/li><li><strong data-start=\"744\" data-end=\"800\">Organizing solidarity and participatory events<\/strong><\/li><li><strong data-start=\"806\" data-end=\"863\">Ensuring the long-term future of our associative platform<\/strong><\/li><\/ul><p data-start=\"865\" data-end=\"993\">Together, let's advance the causes we care about.<br data-start=\"927\" data-end=\"930\" \/><strong data-start=\"930\" data-end=\"993\">Thank you for your trust and commitment.<\/strong><\/p><ol><li><strong data-start=\"998\" data-end=\"1020\">Donation 100 % secured<\/strong>\u00a0 \u00a0 \u00a0\u00a0<\/li><li><strong data-start=\"1026\" data-end=\"1050\">Any donations made to us are tax deductible.<\/strong>\u00a0 \u00a0\u00a0<\/li><li><strong data-start=\"1056\" data-end=\"1087\">Tangible and measurable impact<\/strong><\/li><\/ol>\t\t\t\t\t\t\t\t<\/div>\n\t\t\t\t<\/div>\n\t\t\t\t<\/div>\n\t\t\t\t\t<\/div>\n\t\t\t\t<\/div>\n\t\t\t\t<\/div>","protected":false},"excerpt":{"rendered":"<p>Merci de soutenir notre action Gr\u00e2ce \u00e0 vous, un autre tourisme est possible : solidaire, respectueux, durable. EMIT-Services est une initiative de l\u2019Association Germano-Marocaine pour la Formation et le D\u00e9veloppement de l&rsquo;Industrie des Congr\u00e8s et \u00c9v\u00e9nements &#8211; DMV-MICE e.V., reconnue d\u2019utilit\u00e9 publique en Allemagne, est aussi soutenue par Google for Nonprofits \u00a0ainsi que par plusieurs [&hellip;]<\/p>","protected":false},"author":1,"featured_media":0,"parent":0,"menu_order":0,"comment_status":"closed","ping_status":"closed","template":"","meta":{"give_campaign_id":0,"ocean_post_layout":"","ocean_both_sidebars_style":"","ocean_both_sidebars_content_width":0,"ocean_both_sidebars_sidebars_width":0,"ocean_sidebar":"","ocean_second_sidebar":"","ocean_disable_margins":"enable","ocean_add_body_class":"","ocean_shortcode_before_top_bar":"","ocean_shortcode_after_top_bar":"","ocean_shortcode_before_header":"","ocean_shortcode_after_header":"","ocean_has_shortcode":"","ocean_shortcode_after_title":"","ocean_shortcode_before_footer_widgets":"","ocean_shortcode_after_footer_widgets":"","ocean_shortcode_before_footer_bottom":"","ocean_shortcode_after_footer_bottom":"","ocean_display_top_bar":"default","ocean_display_header":"default","ocean_header_style":"","ocean_center_header_left_menu":"","ocean_custom_header_template":"","ocean_custom_logo":0,"ocean_custom_retina_logo":0,"ocean_custom_logo_max_width":0,"ocean_custom_logo_tablet_max_width":0,"ocean_custom_logo_mobile_max_width":0,"ocean_custom_logo_max_height":0,"ocean_custom_logo_tablet_max_height":0,"ocean_custom_logo_mobile_max_height":0,"ocean_header_custom_menu":"","ocean_menu_typo_font_family":"","ocean_menu_typo_font_subset":"","ocean_menu_typo_font_size":0,"ocean_menu_typo_font_size_tablet":0,"ocean_menu_typo_font_size_mobile":0,"ocean_menu_typo_font_size_unit":"px","ocean_menu_typo_font_weight":"","ocean_menu_typo_font_weight_tablet":"","ocean_menu_typo_font_weight_mobile":"","ocean_menu_typo_transform":"","ocean_menu_typo_transform_tablet":"","ocean_menu_typo_transform_mobile":"","ocean_menu_typo_line_height":0,"ocean_menu_typo_line_height_tablet":0,"ocean_menu_typo_line_height_mobile":0,"ocean_menu_typo_line_height_unit":"","ocean_menu_typo_spacing":0,"ocean_menu_typo_spacing_tablet":0,"ocean_menu_typo_spacing_mobile":0,"ocean_menu_typo_spacing_unit":"","ocean_menu_link_color":"","ocean_menu_link_color_hover":"","ocean_menu_link_color_active":"","ocean_menu_link_background":"","ocean_menu_link_hover_background":"","ocean_menu_link_active_background":"","ocean_menu_social_links_bg":"","ocean_menu_social_hover_links_bg":"","ocean_menu_social_links_color":"","ocean_menu_social_hover_links_color":"","ocean_disable_title":"default","ocean_disable_heading":"default","ocean_post_title":"","ocean_post_subheading":"","ocean_post_title_style":"","ocean_post_title_background_color":"","ocean_post_title_background":0,"ocean_post_title_bg_image_position":"","ocean_post_title_bg_image_attachment":"","ocean_post_title_bg_image_repeat":"","ocean_post_title_bg_image_size":"","ocean_post_title_height":0,"ocean_post_title_bg_overlay":0.5,"ocean_post_title_bg_overlay_color":"","ocean_disable_breadcrumbs":"default","ocean_breadcrumbs_color":"","ocean_breadcrumbs_separator_color":"","ocean_breadcrumbs_links_color":"","ocean_breadcrumbs_links_hover_color":"","ocean_display_footer_widgets":"default","ocean_display_footer_bottom":"default","ocean_custom_footer_template":"","footnotes":""},"class_list":["post-37391","page","type-page","status-publish","hentry","entry","owp-thumbs-layout-vertical","owp-btn-normal","owp-tabs-layout-horizontal","has-no-thumbnails","has-product-nav"],"aioseo_notices":[],"campaignId":"","_links":{"self":[{"href":"https:\/\/emit-services.com\/en\/wp-json\/wp\/v2\/pages\/37391","targetHints":{"allow":["GET"]}}],"collection":[{"href":"https:\/\/emit-services.com\/en\/wp-json\/wp\/v2\/pages"}],"about":[{"href":"https:\/\/emit-services.com\/en\/wp-json\/wp\/v2\/types\/page"}],"author":[{"embeddable":true,"href":"https:\/\/emit-services.com\/en\/wp-json\/wp\/v2\/users\/1"}],"replies":[{"embeddable":true,"href":"https:\/\/emit-services.com\/en\/wp-json\/wp\/v2\/comments?post=37391"}],"version-history":[{"count":21,"href":"https:\/\/emit-services.com\/en\/wp-json\/wp\/v2\/pages\/37391\/revisions"}],"predecessor-version":[{"id":47280,"href":"https:\/\/emit-services.com\/en\/wp-json\/wp\/v2\/pages\/37391\/revisions\/47280"}],"wp:attachment":[{"href":"https:\/\/emit-services.com\/en\/wp-json\/wp\/v2\/media?parent=37391"}],"curies":[{"name":"wp","href":"https:\/\/api.w.org\/{rel}","templated":true}]}}