{"id":43488,"date":"2025-08-09T20:58:17","date_gmt":"2025-08-09T20:58:17","guid":{"rendered":"https:\/\/emit-services.com\/?page_id=43488"},"modified":"2026-03-02T20:03:57","modified_gmt":"2026-03-02T20:03:57","slug":"projet-agriculteur","status":"publish","type":"page","link":"https:\/\/emit-services.com\/en\/projet-agriculteur\/","title":{"rendered":"Morocco Farmers Project"},"content":{"rendered":"<div data-elementor-type=\"wp-page\" data-elementor-id=\"43488\" class=\"elementor elementor-43488\" data-elementor-post-type=\"page\">\n\t\t\t\t\t\t<section class=\"elementor-section elementor-top-section elementor-element elementor-element-10dede1 elementor-section-boxed elementor-section-height-default elementor-section-height-default\" data-id=\"10dede1\" data-element_type=\"section\" data-e-type=\"section\">\n\t\t\t\t\t\t<div class=\"elementor-container elementor-column-gap-default\">\n\t\t\t\t\t<div class=\"elementor-column elementor-col-33 elementor-top-column elementor-element elementor-element-c194012\" data-id=\"c194012\" data-element_type=\"column\" data-e-type=\"column\" data-settings=\"{&quot;background_background&quot;:&quot;classic&quot;}\">\n\t\t\t<div class=\"elementor-widget-wrap elementor-element-populated\">\n\t\t\t\t\t\t<div class=\"elementor-element elementor-element-af1c00f e-transform elementor-widget elementor-widget-image\" data-id=\"af1c00f\" data-element_type=\"widget\" data-e-type=\"widget\" data-settings=\"{&quot;_transform_translateX_effect&quot;:{&quot;unit&quot;:&quot;px&quot;,&quot;size&quot;:130,&quot;sizes&quot;:[]},&quot;_transform_translateX_effect_tablet&quot;:{&quot;unit&quot;:&quot;px&quot;,&quot;size&quot;:57,&quot;sizes&quot;:[]},&quot;_transform_translateX_effect_mobile&quot;:{&quot;unit&quot;:&quot;px&quot;,&quot;size&quot;:8,&quot;sizes&quot;:[]},&quot;_transform_translateY_effect&quot;:{&quot;unit&quot;:&quot;px&quot;,&quot;size&quot;:180,&quot;sizes&quot;:[]},&quot;_transform_translateY_effect_tablet&quot;:{&quot;unit&quot;:&quot;px&quot;,&quot;size&quot;:82,&quot;sizes&quot;:[]},&quot;_transform_translateY_effect_mobile&quot;:{&quot;unit&quot;:&quot;px&quot;,&quot;size&quot;:58,&quot;sizes&quot;:[]}}\" data-widget_type=\"image.default\">\n\t\t\t\t<div class=\"elementor-widget-container\">\n\t\t\t\t\t\t\t\t\t\t\t\t\t\t\t<img fetchpriority=\"high\" decoding=\"async\" width=\"768\" height=\"622\" src=\"https:\/\/emit-services.com\/wp-content\/uploads\/2025\/07\/cooperative-agricole-768x622.jpg\" class=\"attachment-medium_large size-medium_large wp-image-39932\" alt=\"\" srcset=\"https:\/\/emit-services.com\/wp-content\/uploads\/2025\/07\/cooperative-agricole-768x622.jpg 768w, https:\/\/emit-services.com\/wp-content\/uploads\/2025\/07\/cooperative-agricole-300x243.jpg 300w, https:\/\/emit-services.com\/wp-content\/uploads\/2025\/07\/cooperative-agricole-15x12.jpg 15w, https:\/\/emit-services.com\/wp-content\/uploads\/2025\/07\/cooperative-agricole.jpg 840w\" sizes=\"(max-width: 768px) 100vw, 768px\" \/>\t\t\t\t\t\t\t\t\t\t\t\t\t\t\t<\/div>\n\t\t\t\t<\/div>\n\t\t\t\t\t<\/div>\n\t\t<\/div>\n\t\t\t\t<div class=\"elementor-column elementor-col-66 elementor-top-column elementor-element elementor-element-65549c1\" data-id=\"65549c1\" data-element_type=\"column\" data-e-type=\"column\">\n\t\t\t<div class=\"elementor-widget-wrap elementor-element-populated\">\n\t\t\t\t\t\t<div class=\"elementor-element elementor-element-df3b822 elementor-widget elementor-widget-heading\" data-id=\"df3b822\" data-element_type=\"widget\" data-e-type=\"widget\" data-widget_type=\"heading.default\">\n\t\t\t\t<div class=\"elementor-widget-container\">\n\t\t\t\t\t<h2 class=\"elementor-heading-title elementor-size-default\">Europe\u2013Morocco Agricultural Cooperation: Exchange, Innovation, and Sustainability<\/h2>\t\t\t\t<\/div>\n\t\t\t\t<\/div>\n\t\t\t\t<div class=\"elementor-element elementor-element-0cd8ed6 elementor-widget elementor-widget-heading\" data-id=\"0cd8ed6\" data-element_type=\"widget\" data-e-type=\"widget\" data-widget_type=\"heading.default\">\n\t\t\t\t<div class=\"elementor-widget-container\">\n\t\t\t\t\t<h3 class=\"elementor-heading-title elementor-size-default\">For farmers and cooperatives<\/h3>\t\t\t\t<\/div>\n\t\t\t\t<\/div>\n\t\t\t\t<div class=\"elementor-element elementor-element-2e70a3f elementor-widget elementor-widget-text-editor\" data-id=\"2e70a3f\" data-element_type=\"widget\" data-e-type=\"widget\" data-widget_type=\"text-editor.default\">\n\t\t\t\t<div class=\"elementor-widget-container\">\n\t\t\t\t\t\t\t\t\t<p data-start=\"242\" data-end=\"548\">In the face of climatic, economic, and social challenges, agriculture requires a new dialogue between the world's regions.<br data-start=\"769\" data-end=\"772\" \/>EMIT-Services promotes cooperation between Europe and Morocco <strong data-start=\"853\" data-end=\"922\">\u00e0 travers des programmes d\u2019\u00e9change, de formation et de partage de connaissances.<\/strong>.<br data-start=\"923\" data-end=\"926\" \/>These initiatives enable farmers, cooperatives, and institutions <strong data-start=\"1005\" data-end=\"1051\">to jointly build sustainable solutions,<\/strong>adapted to their contexts and resources.<\/p>\t\t\t\t\t\t\t\t<\/div>\n\t\t\t\t<\/div>\n\t\t\t\t<div class=\"elementor-element elementor-element-49beb2d elementor-widget elementor-widget-heading\" data-id=\"49beb2d\" data-element_type=\"widget\" data-e-type=\"widget\" data-widget_type=\"heading.default\">\n\t\t\t\t<div class=\"elementor-widget-container\">\n\t\t\t\t\t<h3 class=\"elementor-heading-title elementor-size-default\">Join our immersive exchange and cooperation programs<\/h3>\t\t\t\t<\/div>\n\t\t\t\t<\/div>\n\t\t\t\t<div class=\"elementor-element elementor-element-ebfa17f elementor-widget elementor-widget-text-editor\" data-id=\"ebfa17f\" data-element_type=\"widget\" data-e-type=\"widget\" data-widget_type=\"text-editor.default\">\n\t\t\t\t<div class=\"elementor-widget-container\">\n\t\t\t\t\t\t\t\t\t<ul><li data-start=\"1150\" data-end=\"1220\">Discover how agricultural cooperation between Europe and Morocco fosters the transmission of sustainable farming knowledge and drives innovation in responsible agriculture.<\/li><li style=\"text-align: left;\" data-start=\"1150\" data-end=\"1220\">Promote <strong data-start=\"1161\" data-end=\"1218\">a more sustainable, resilient, and equitable agriculture<\/strong><\/li><li style=\"text-align: left;\" data-start=\"1223\" data-end=\"1303\">Encourage <strong data-start=\"1234\" data-end=\"1266\">the exchange of know-how<\/strong> between farmers and cooperatives<\/li><li style=\"text-align: left;\" data-start=\"1306\" data-end=\"1388\">Support the agroecological <strong data-start=\"1315\" data-end=\"1347\">transition and responsible<\/strong> water <strong data-start=\"1354\" data-end=\"1386\">management<\/strong><\/li><li style=\"text-align: left;\" data-start=\"1391\" data-end=\"1470\">Create <strong data-start=\"1397\" data-end=\"1426\">long-lasting partnerships<\/strong> between rural actors in Europe and Morocco<\/li><li style=\"text-align: left;\" data-start=\"1473\" data-end=\"1559\">Disseminate <strong data-start=\"1486\" data-end=\"1529\">agricultural and technological innovations<\/strong> in support of sustainability<\/li><\/ul><h2 data-start=\"1566\" data-end=\"1609\"><strong data-start=\"1572\" data-end=\"1609\">Key Areas of Cooperation<\/strong><\/h2><h3 data-start=\"1611\" data-end=\"1659\">\ud83d\udd38 Dialogue and exchanges between farmers<\/h3><p data-start=\"1660\" data-end=\"1884\">Professional and thematic meetings <strong data-start=\"1712\" data-end=\"1775\">to share experiences, challenges, and best practices.<\/strong>.<br data-start=\"1776\" data-end=\"1779\" \/>These exchanges help strengthen mutual understanding and solidarity between rural territories.<\/p><h3 data-start=\"1886\" data-end=\"1925\">\ud83d\udd38 Sustainable agricultural innovations<\/h3><p data-start=\"1926\" data-end=\"2112\">Exploring <strong data-start=\"1942\" data-end=\"1994\">new trends in responsible agriculture:<\/strong> :<br data-start=\"1996\" data-end=\"1999\" \/>regenerative agriculture, precision agriculture, agroecology, automation, and artificial intelligence.<\/p><h3 data-start=\"2114\" data-end=\"2165\">\ud83d\udd38 Sustainable water and resource management<\/h3><p data-start=\"2166\" data-end=\"2368\">In the face of resource scarcity, <strong data-start=\"2224\" data-end=\"2263\">the programme promotes local and collaborative solutions:<\/strong> irrigation optimisation, participatory water management, and enhancement of soils and biodiversity.<\/p><h3 data-start=\"2370\" data-end=\"2420\">\ud83d\udd38 Institutional cooperation and training<\/h3><p data-start=\"2421\" data-end=\"2592\">Meetings with cooperatives, <strong data-start=\"2437\" data-end=\"2514\">chambers of agriculture, universities, and local associations to strengthen capacities,<\/strong> dialogue, and synergies between territories.<\/p><ul><li style=\"list-style-type: none;\">\u00a0<\/li><\/ul>\t\t\t\t\t\t\t\t<\/div>\n\t\t\t\t<\/div>\n\t\t\t\t<div class=\"elementor-element elementor-element-2b22989 elementor-align-right elementor-widget elementor-widget-button\" data-id=\"2b22989\" data-element_type=\"widget\" data-e-type=\"widget\" data-widget_type=\"button.default\">\n\t\t\t\t<div class=\"elementor-widget-container\">\n\t\t\t\t\t\t\t\t\t<div class=\"elementor-button-wrapper\">\n\t\t\t\t\t<a class=\"elementor-button elementor-button-link elementor-size-sm\" href=\"https:\/\/emit-services.com\/en\/contact\/\">\n\t\t\t\t\t\t<span class=\"elementor-button-content-wrapper\">\n\t\t\t\t\t\t\t\t\t<span class=\"elementor-button-text\">Explore the world of agriculture &amp; boost your expertise<\/span>\n\t\t\t\t\t<\/span>\n\t\t\t\t\t<\/a>\n\t\t\t\t<\/div>\n\t\t\t\t\t\t\t\t<\/div>\n\t\t\t\t<\/div>\n\t\t\t\t\t<\/div>\n\t\t<\/div>\n\t\t\t\t\t<\/div>\n\t\t<\/section>\n\t\t<div class=\"elementor-element elementor-element-c7b5e95 e-flex e-con-boxed e-con e-parent\" data-id=\"c7b5e95\" data-element_type=\"container\" data-e-type=\"container\">\n\t\t\t\t\t<div class=\"e-con-inner\">\n\t\t\t\t<div class=\"elementor-element elementor-element-f86deae elementor-widget elementor-widget-heading\" data-id=\"f86deae\" data-element_type=\"widget\" data-e-type=\"widget\" data-widget_type=\"heading.default\">\n\t\t\t\t<div class=\"elementor-widget-container\">\n\t\t\t\t\t<h3 class=\"elementor-heading-title elementor-size-default\"><br>Why this cooperation is essential<br><\/h3>\t\t\t\t<\/div>\n\t\t\t\t<\/div>\n\t\t\t\t<div class=\"elementor-element elementor-element-0187d96 elementor-widget elementor-widget-text-editor\" data-id=\"0187d96\" data-element_type=\"widget\" data-e-type=\"widget\" data-widget_type=\"text-editor.default\">\n\t\t\t\t<div class=\"elementor-widget-container\">\n\t\t\t\t\t\t\t\t\t<h2 data-start=\"2599\" data-end=\"2654\">\u00a0<\/h2><blockquote data-start=\"2656\" data-end=\"3100\"><p data-start=\"2658\" data-end=\"3100\">Morocco is today a major player in agricultural production and exports.<br data-start=\"2746\" data-end=\"2749\" \/>Europe and Morocco share the same challenges: preserving natural resources, supporting farmers, and ensuring sustainable food systems.<br data-start=\"2899\" data-end=\"2902\" \/>This programme offers <strong data-start=\"2929\" data-end=\"2955\">a collaborative approach<\/strong> to prevent future imbalances, exchange concrete solutions, <strong data-start=\"3040\" data-end=\"3097\">and build bridges between agricultural systems on both sides.<\/strong>.<\/p><\/blockquote><hr data-start=\"3102\" data-end=\"3105\" \/><h2 data-start=\"3107\" data-end=\"3130\"><strong data-start=\"3113\" data-end=\"3130\">\u00a0 \u00a0 \u00a0 For whom?<\/strong><\/h2><p data-start=\"3132\" data-end=\"3160\">This programme is aimed at:<\/p><ul data-start=\"3161\" data-end=\"3395\"><li data-start=\"3161\" data-end=\"3215\"><p data-start=\"3163\" data-end=\"3215\">Farmers and cooperatives in Europe and Morocco<\/p><\/li><li data-start=\"3216\" data-end=\"3280\"><p data-start=\"3218\" data-end=\"3280\">Agricultural technicians, engineers, researchers, and educators<\/p><\/li><li data-start=\"3281\" data-end=\"3338\"><p data-start=\"3283\" data-end=\"3338\">Rural institutions, NGOs, and development actors<\/p><\/li><li data-start=\"3339\" data-end=\"3395\"><p data-start=\"3341\" data-end=\"3395\">Agronomy students and young project leaders<\/p><\/li><\/ul><hr data-start=\"3397\" data-end=\"3400\" \/><h2 data-start=\"3402\" data-end=\"3439\"><strong data-start=\"3408\" data-end=\"3439\">\u00a0What you can do<\/strong><\/h2><blockquote data-start=\"3441\" data-end=\"3608\"><p data-start=\"3443\" data-end=\"3608\"><strong data-start=\"3446\" data-end=\"3485\">\u00a0Take part in an exchange programme<\/strong><br data-start=\"3485\" data-end=\"3488\" \/>\u00a0<strong data-start=\"3493\" data-end=\"3548\">Share your experience or sustainable practices<\/strong><br data-start=\"3548\" data-end=\"3551\" \/>\u00a0<strong data-start=\"3556\" data-end=\"3606\">Propose a collaboration or joint project<\/strong><\/p><\/blockquote><p data-start=\"3610\" data-end=\"3736\"><strong data-start=\"3610\" data-end=\"3688\">\u00a0 <a class=\"decorated-link cursor-pointer\" target=\"_new\" rel=\"noopener\" data-start=\"3615\" data-end=\"3686\">Contact us to learn more<\/a><\/strong><\/p><hr data-start=\"3740\" data-end=\"3743\" \/><h2 data-start=\"3745\" data-end=\"3772\"><strong data-start=\"3751\" data-end=\"3772\">\u00a0 \u00a0 Expected impact<\/strong><\/h2><ul data-start=\"3774\" data-end=\"4018\"><li data-start=\"3774\" data-end=\"3829\"><p data-start=\"3776\" data-end=\"3829\">Knowledge transfer between rural territories<\/p><\/li><li data-start=\"3830\" data-end=\"3893\"><p data-start=\"3832\" data-end=\"3893\">Strengthened resilience to climate change<\/p><\/li><li data-start=\"3894\" data-end=\"3944\"><p data-start=\"3896\" data-end=\"3944\">Fair and respectful North\u2013South cooperation<\/p><\/li><li data-start=\"3945\" data-end=\"4018\"><p data-start=\"3947\" data-end=\"4018\">Contribution to the Sustainable Development Goals (SDGs 2, 12, 13, 17)<\/p><\/li><\/ul><hr data-start=\"4020\" data-end=\"4023\" \/><h2 data-start=\"4025\" data-end=\"4062\"><strong data-start=\"4031\" data-end=\"4062\">\u00a0 \u00a0 About EMIT-Services<\/strong><\/h2><blockquote data-start=\"4064\" data-end=\"4422\"><p data-start=\"4066\" data-end=\"4422\">EMIT-Services is a social and environmental impact organisation that develops international initiatives in training, <strong data-start=\"4195\" data-end=\"4250\">cooperation, and sustainable tourism.<\/strong>.<br data-start=\"4251\" data-end=\"4254\" \/>Our projects aim to build bridges between cultures and support ecological transitions in the tourism, education, and agricultural sectors.<\/p><\/blockquote>\t\t\t\t\t\t\t\t<\/div>\n\t\t\t\t<\/div>\n\t\t\t\t<div class=\"elementor-element elementor-element-0dc205e elementor-widget elementor-widget-heading\" data-id=\"0dc205e\" data-element_type=\"widget\" data-e-type=\"widget\" data-widget_type=\"heading.default\">\n\t\t\t\t<div class=\"elementor-widget-container\">\n\t\t\t\t\t<h3 class=\"elementor-heading-title elementor-size-default\"> Interested in this programme? Want to adapt it for your group or co-create your tailor-made project?<\/h3>\t\t\t\t<\/div>\n\t\t\t\t<\/div>\n\t\t\t\t<div class=\"elementor-element elementor-element-0334fe1 elementor-widget elementor-widget-text-editor\" data-id=\"0334fe1\" data-element_type=\"widget\" data-e-type=\"widget\" data-widget_type=\"text-editor.default\">\n\t\t\t\t<div class=\"elementor-widget-container\">\n\t\t\t\t\t\t\t\t\t<p style=\"text-align: center;\" data-start=\"1818\" data-end=\"1912\">\ud83d\udce9 Contact us to receive the full documentation and discuss your objectives.<\/p>\t\t\t\t\t\t\t\t<\/div>\n\t\t\t\t<\/div>\n\t\t\t\t<div class=\"elementor-element elementor-element-1e4c6e2 elementor-align-center elementor-widget elementor-widget-button\" data-id=\"1e4c6e2\" data-element_type=\"widget\" data-e-type=\"widget\" data-widget_type=\"button.default\">\n\t\t\t\t<div class=\"elementor-widget-container\">\n\t\t\t\t\t\t\t\t\t<div class=\"elementor-button-wrapper\">\n\t\t\t\t\t<a class=\"elementor-button elementor-button-link elementor-size-sm\" href=\"https:\/\/emit-services.com\/en\/contact\/\">\n\t\t\t\t\t\t<span class=\"elementor-button-content-wrapper\">\n\t\t\t\t\t\t\t\t\t<span class=\"elementor-button-text\">Explore the world of agriculture \u2013 Cooperate and progress together  <\/span>\n\t\t\t\t\t<\/span>\n\t\t\t\t\t<\/a>\n\t\t\t\t<\/div>\n\t\t\t\t\t\t\t\t<\/div>\n\t\t\t\t<\/div>\n\t\t\t\t\t<\/div>\n\t\t\t\t<\/div>\n\t\t\t\t<\/div>","protected":false},"excerpt":{"rendered":"<p>Coop\u00e9ration Agricole Europe\u2013Maroc : \u00c9changes, Innovation et Durabilit\u00e9 Pour agriculteurs et coop\u00e9ratives Face aux d\u00e9fis climatiques, \u00e9conomiques et sociaux, l\u2019agriculture a besoin d\u2019un nouveau dialogue entre les r\u00e9gions du monde.EMIT-Services favorise la coop\u00e9ration entre l\u2019Europe et le Maroc \u00e0 travers des programmes d\u2019\u00e9change, de formation et de partage de connaissances.Ces initiatives permettent aux agriculteurs, coop\u00e9ratives [&hellip;]<\/p>","protected":false},"author":1,"featured_media":0,"parent":0,"menu_order":0,"comment_status":"closed","ping_status":"closed","template":"","meta":{"give_campaign_id":0,"ocean_post_layout":"","ocean_both_sidebars_style":"","ocean_both_sidebars_content_width":0,"ocean_both_sidebars_sidebars_width":0,"ocean_sidebar":"","ocean_second_sidebar":"","ocean_disable_margins":"enable","ocean_add_body_class":"","ocean_shortcode_before_top_bar":"","ocean_shortcode_after_top_bar":"","ocean_shortcode_before_header":"","ocean_shortcode_after_header":"","ocean_has_shortcode":"","ocean_shortcode_after_title":"","ocean_shortcode_before_footer_widgets":"","ocean_shortcode_after_footer_widgets":"","ocean_shortcode_before_footer_bottom":"","ocean_shortcode_after_footer_bottom":"","ocean_display_top_bar":"default","ocean_display_header":"default","ocean_header_style":"","ocean_center_header_left_menu":"","ocean_custom_header_template":"","ocean_custom_logo":0,"ocean_custom_retina_logo":0,"ocean_custom_logo_max_width":0,"ocean_custom_logo_tablet_max_width":0,"ocean_custom_logo_mobile_max_width":0,"ocean_custom_logo_max_height":0,"ocean_custom_logo_tablet_max_height":0,"ocean_custom_logo_mobile_max_height":0,"ocean_header_custom_menu":"","ocean_menu_typo_font_family":"","ocean_menu_typo_font_subset":"","ocean_menu_typo_font_size":0,"ocean_menu_typo_font_size_tablet":0,"ocean_menu_typo_font_size_mobile":0,"ocean_menu_typo_font_size_unit":"px","ocean_menu_typo_font_weight":"","ocean_menu_typo_font_weight_tablet":"","ocean_menu_typo_font_weight_mobile":"","ocean_menu_typo_transform":"","ocean_menu_typo_transform_tablet":"","ocean_menu_typo_transform_mobile":"","ocean_menu_typo_line_height":0,"ocean_menu_typo_line_height_tablet":0,"ocean_menu_typo_line_height_mobile":0,"ocean_menu_typo_line_height_unit":"","ocean_menu_typo_spacing":0,"ocean_menu_typo_spacing_tablet":0,"ocean_menu_typo_spacing_mobile":0,"ocean_menu_typo_spacing_unit":"","ocean_menu_link_color":"","ocean_menu_link_color_hover":"","ocean_menu_link_color_active":"","ocean_menu_link_background":"","ocean_menu_link_hover_background":"","ocean_menu_link_active_background":"","ocean_menu_social_links_bg":"","ocean_menu_social_hover_links_bg":"","ocean_menu_social_links_color":"","ocean_menu_social_hover_links_color":"","ocean_disable_title":"default","ocean_disable_heading":"default","ocean_post_title":"","ocean_post_subheading":"","ocean_post_title_style":"","ocean_post_title_background_color":"","ocean_post_title_background":0,"ocean_post_title_bg_image_position":"","ocean_post_title_bg_image_attachment":"","ocean_post_title_bg_image_repeat":"","ocean_post_title_bg_image_size":"","ocean_post_title_height":0,"ocean_post_title_bg_overlay":0.5,"ocean_post_title_bg_overlay_color":"","ocean_disable_breadcrumbs":"default","ocean_breadcrumbs_color":"","ocean_breadcrumbs_separator_color":"","ocean_breadcrumbs_links_color":"","ocean_breadcrumbs_links_hover_color":"","ocean_display_footer_widgets":"default","ocean_display_footer_bottom":"default","ocean_custom_footer_template":"","footnotes":""},"class_list":["post-43488","page","type-page","status-publish","hentry","entry","owp-thumbs-layout-vertical","owp-btn-normal","owp-tabs-layout-horizontal","has-no-thumbnails","has-product-nav"],"aioseo_notices":[],"campaignId":"","_links":{"self":[{"href":"https:\/\/emit-services.com\/en\/wp-json\/wp\/v2\/pages\/43488","targetHints":{"allow":["GET"]}}],"collection":[{"href":"https:\/\/emit-services.com\/en\/wp-json\/wp\/v2\/pages"}],"about":[{"href":"https:\/\/emit-services.com\/en\/wp-json\/wp\/v2\/types\/page"}],"author":[{"embeddable":true,"href":"https:\/\/emit-services.com\/en\/wp-json\/wp\/v2\/users\/1"}],"replies":[{"embeddable":true,"href":"https:\/\/emit-services.com\/en\/wp-json\/wp\/v2\/comments?post=43488"}],"version-history":[{"count":51,"href":"https:\/\/emit-services.com\/en\/wp-json\/wp\/v2\/pages\/43488\/revisions"}],"predecessor-version":[{"id":47305,"href":"https:\/\/emit-services.com\/en\/wp-json\/wp\/v2\/pages\/43488\/revisions\/47305"}],"wp:attachment":[{"href":"https:\/\/emit-services.com\/en\/wp-json\/wp\/v2\/media?parent=43488"}],"curies":[{"name":"wp","href":"https:\/\/api.w.org\/{rel}","templated":true}]}}