{"id":10492,"date":"2023-07-12T20:04:28","date_gmt":"2023-07-12T20:04:28","guid":{"rendered":"https:\/\/emit-services.com\/?post_type=product&#038;p=10492"},"modified":"2025-10-15T15:46:52","modified_gmt":"2025-10-15T15:46:52","slug":"tanger-en-package-hotel-5-3-jours-2-nuits","status":"publish","type":"product","link":"https:\/\/emit-services.com\/en\/product\/tanger-pack-5\/","title":{"rendered":"TANGER\u2013 5-star hotel package (3 days \/ 2 nights)"},"content":{"rendered":"<div data-elementor-type=\"product-post\" data-elementor-id=\"10492\" class=\"elementor elementor-10492\" data-elementor-post-type=\"product\">\n\t\t\t\t<div class=\"elementor-element elementor-element-91f0c26 e-flex e-con-boxed e-con e-parent\" data-id=\"91f0c26\" data-element_type=\"container\" data-e-type=\"container\">\n\t\t\t\t\t<div class=\"e-con-inner\">\n\t\t<div class=\"elementor-element elementor-element-9867c83 e-con-full e-flex e-con e-child\" data-id=\"9867c83\" data-element_type=\"container\" data-e-type=\"container\" data-settings=\"{&quot;background_background&quot;:&quot;classic&quot;}\">\n\t\t\t\t<div class=\"elementor-element elementor-element-f7bd37f elementor-widget elementor-widget-text-editor\" data-id=\"f7bd37f\" data-element_type=\"widget\" data-e-type=\"widget\" data-widget_type=\"text-editor.default\">\n\t\t\t\t<div class=\"elementor-widget-container\">\n\t\t\t\t\t\t\t\t\t<div class=\"summary entry-summary\"><div class=\"woocommerce-product-details__short-description\"><h3 style=\"text-align: center;\"><span style=\"color: #ff6060;\"><strong>Proposed hotel categories or similar, subject to availability<\/strong><\/span><\/h3><p>\u00a0<\/p><ul><li><strong style=\"font-size: 16px;\"><span style=\"color: #ffffff;\">H\u00f4tel  Farah 5 \u00e9toiles<\/span><\/strong><\/li><li><strong><span style=\"color: #ffffff;\">Royal Tylip City Center H\u00f4tel  5 \u00e9toiles<\/span><\/strong><\/li><li><strong><span style=\"color: #ffffff;\">H\u00f4tel Grand Mogador see View &amp; Spa 5 \u00e9toiles<\/span><\/strong><\/li><\/ul><\/div><\/div><hr \/><h3>\u00a0<\/h3><h3 style=\"text-align: center;\"><span style=\"color: #ff6060;\"><strong>H\u00f4tel  services and facilities<\/strong><\/span><\/h3><p><span style=\"color: #ffffff;\"><strong>Room with (1 or 2 beds) * Bathroom facilities * Room service * Air conditioning * Free WIFI connection * Restaurant *<\/strong> <strong>24-hour reception * downtown location *<\/strong> <\/span><strong><span style=\"color: #ffffff;\">Non-smoking rooms * Restaurant * Bar * <\/span><\/strong><span style=\"color: #ffffff;\"><strong>Safe * Elevator * Cleaning service * Business service *<\/strong><strong> currency exchange * concierge service * 24-hour room service * spa and fitness center * pool * fitness * <\/strong><\/span><span style=\"color: #ffffff;\"><strong>Private parking * 24\/24 security team * Souvenir store.\u00a0 \u00a0<\/strong><\/span><\/p><p>\u00a0<\/p><p style=\"text-align: center;\"><span style=\"color: #ff6060;\"><strong>Customer service available before, during and after your stay.<\/strong><\/span><\/p><p style=\"text-align: center;\"><span style=\"color: #ff6060;\"><strong>+212 637.29.85.06<\/strong><\/span><\/p><hr \/>\t\t\t\t\t\t\t\t<\/div>\n\t\t\t\t<\/div>\n\t\t\t\t<\/div>\n\t\t<div class=\"elementor-element elementor-element-7ccb7a2 e-con-full e-flex e-con e-child\" data-id=\"7ccb7a2\" data-element_type=\"container\" data-e-type=\"container\" data-settings=\"{&quot;background_background&quot;:&quot;classic&quot;}\">\n\t\t\t\t<div class=\"elementor-element elementor-element-6729f3d elementor-widget elementor-widget-text-editor\" data-id=\"6729f3d\" data-element_type=\"widget\" data-e-type=\"widget\" data-widget_type=\"text-editor.default\">\n\t\t\t\t<div class=\"elementor-widget-container\">\n\t\t\t\t\t\t\t\t\t<h2>\u00a0<\/h2><h1><span style=\"color: #ff6060;\"><strong>The package includes\u00a0<\/strong><\/span><\/h1><ul><li><span style=\"color: #333333;\"><strong>Personalized welcome.<\/strong><\/span><\/li><li><span style=\"color: #333333;\"><strong>Round-trip airport\/hotel transfer.<\/strong><\/span><\/li><li><span style=\"color: #333333;\"><strong>Accommodation 3 days \/ 2 nights in superior room.<\/strong><\/span><\/li><li><span style=\"color: #333333;\"><strong>2 x hearty breakfasts.<\/strong><\/span><\/li><li><span style=\"color: #333333;\"><strong>Facilities and services of a 5* hotel selected by EMIT Services.<\/strong><\/span><\/li><li><span style=\"color: #333333;\"><strong>Early check-in and late check-out (subject to availability)<\/strong><\/span><\/li><li><span style=\"color: #333333;\"><strong>Local taxes.<\/strong><\/span><\/li><li><span style=\"color: #333333;\"><strong>Support throughout your stay.<\/strong><\/span><\/li><\/ul><h1>\u00a0<\/h1><h1><span style=\"color: #ff6060;\">Benefits<\/span><\/h1><ul><li><span style=\"color: #333333;\"><strong>You are free to choose the dates of your stay.<\/strong><\/span><\/li><li><span style=\"color: #333333;\"><strong>Flexible options to prolong your stay.<\/strong><\/span><\/li><li><span style=\"color: #333333;\"><strong>Pay easily and securely using SSL encryption, with Credit card or Bank transfer.<\/strong><\/span><\/li><\/ul><h1>\u00a0<\/h1><h1><span style=\"color: #ff6060;\">Good to know<\/span><\/h1><ul><li><span style=\"color: #333333;\"><strong>Our transfers are tailored to your arrival and departure times.<\/strong><\/span><\/li><li><span style=\"color: #333333;\"><strong>Please remember to send us your flight details by e-mail to info@emit-services.com.<\/strong><\/span><\/li><li><span style=\"color: #333333;\"><strong>Many airports and airlines offer flights to Morocco almost every day.<\/strong><\/span><\/li><li><span style=\"color: #020101;\">En choisissant ce s\u00e9jour, vous contribuez directement au d\u00e9veloppement de l&rsquo;\u00e9conomie locale.C&rsquo;est une action concr\u00e8te qui finance et soutient nos projets et initiatives sur le terrain.<\/span><\/li><\/ul>\t\t\t\t\t\t\t\t<\/div>\n\t\t\t\t<\/div>\n\t\t\t\t<\/div>\n\t\t\t\t\t<\/div>\n\t\t\t\t<\/div>\n\t\t<div class=\"elementor-element elementor-element-4c4f581 e-flex e-con-boxed e-con e-parent\" data-id=\"4c4f581\" data-element_type=\"container\" data-e-type=\"container\">\n\t\t\t\t\t<div class=\"e-con-inner\">\n\t\t\t\t<div class=\"elementor-element elementor-element-c9f26b9 elementor-widget elementor-widget-text-editor\" data-id=\"c9f26b9\" data-element_type=\"widget\" data-e-type=\"widget\" data-widget_type=\"text-editor.default\">\n\t\t\t\t<div class=\"elementor-widget-container\">\n\t\t\t\t\t\t\t\t\t<h3><strong>201 per person in a double room with breakfast.<\/strong><\/h3><h3><strong>362 \u20ac for one person in a single room with breakfast.<\/strong><\/h3><h3><strong>100 \u20ac for 1 child (3 to 12 years old in parents' room) breakfast included.<\/strong><\/h3><ul><li><span style=\"color: #333333;\"><strong>Please feel free to choose the start date of your stay. You can extend your stay, add extra nights, and continue to enjoy your accommodation as you wish.<\/strong><\/span><\/li><\/ul>\t\t\t\t\t\t\t\t<\/div>\n\t\t\t\t<\/div>\n\t\t\t\t\t<\/div>\n\t\t\t\t<\/div>\n\t\t\t\t<\/div>","protected":false},"excerpt":{"rendered":"<p>Cat\u00e9gories d\u2019H\u00f4tels propos\u00e9s ou similaires\u00a0 selon disponibilit\u00e9 \u00a0 H\u00f4tel Farah 5 \u00e9toiles H\u00f4tel Royal Tylip City Center 5 \u00e9toiles H\u00f4telGrand Mogador see View &amp; Spa 5 \u00e9toiles \u00a0 Services et \u00e9quipements d&rsquo;H\u00f4tel Chambre avec (1 ou 2 lits) * \u00c9quipements salle de bain\u00a0 * Service d\u2019\u00e9tage\u00a0 * Climatisation \u00a0* connexion WIFI gratuite \u00a0 * Restaurant [&hellip;]<\/p>","protected":false},"featured_media":42644,"template":"","meta":{"give_campaign_id":0,"ocean_post_layout":"","ocean_both_sidebars_style":"","ocean_both_sidebars_content_width":0,"ocean_both_sidebars_sidebars_width":0,"ocean_sidebar":"0","ocean_second_sidebar":"0","ocean_disable_margins":"enable","ocean_add_body_class":"","ocean_shortcode_before_top_bar":"","ocean_shortcode_after_top_bar":"","ocean_shortcode_before_header":"","ocean_shortcode_after_header":"","ocean_has_shortcode":"","ocean_shortcode_after_title":"","ocean_shortcode_before_footer_widgets":"","ocean_shortcode_after_footer_widgets":"","ocean_shortcode_before_footer_bottom":"","ocean_shortcode_after_footer_bottom":"","ocean_display_top_bar":"default","ocean_display_header":"default","ocean_header_style":"","ocean_center_header_left_menu":"0","ocean_custom_header_template":"0","ocean_custom_logo":0,"ocean_custom_retina_logo":0,"ocean_custom_logo_max_width":0,"ocean_custom_logo_tablet_max_width":0,"ocean_custom_logo_mobile_max_width":0,"ocean_custom_logo_max_height":0,"ocean_custom_logo_tablet_max_height":0,"ocean_custom_logo_mobile_max_height":0,"ocean_header_custom_menu":"0","ocean_menu_typo_font_family":"0","ocean_menu_typo_font_subset":"","ocean_menu_typo_font_size":0,"ocean_menu_typo_font_size_tablet":0,"ocean_menu_typo_font_size_mobile":0,"ocean_menu_typo_font_size_unit":"px","ocean_menu_typo_font_weight":"","ocean_menu_typo_font_weight_tablet":"","ocean_menu_typo_font_weight_mobile":"","ocean_menu_typo_transform":"","ocean_menu_typo_transform_tablet":"","ocean_menu_typo_transform_mobile":"","ocean_menu_typo_line_height":0,"ocean_menu_typo_line_height_tablet":0,"ocean_menu_typo_line_height_mobile":0,"ocean_menu_typo_line_height_unit":"","ocean_menu_typo_spacing":0,"ocean_menu_typo_spacing_tablet":0,"ocean_menu_typo_spacing_mobile":0,"ocean_menu_typo_spacing_unit":"","ocean_menu_link_color":"","ocean_menu_link_color_hover":"","ocean_menu_link_color_active":"","ocean_menu_link_background":"","ocean_menu_link_hover_background":"","ocean_menu_link_active_background":"","ocean_menu_social_links_bg":"","ocean_menu_social_hover_links_bg":"","ocean_menu_social_links_color":"","ocean_menu_social_hover_links_color":"","ocean_disable_title":"default","ocean_disable_heading":"default","ocean_post_title":"","ocean_post_subheading":"","ocean_post_title_style":"","ocean_post_title_background_color":"","ocean_post_title_background":0,"ocean_post_title_bg_image_position":"","ocean_post_title_bg_image_attachment":"","ocean_post_title_bg_image_repeat":"","ocean_post_title_bg_image_size":"","ocean_post_title_height":0,"ocean_post_title_bg_overlay":0.5,"ocean_post_title_bg_overlay_color":"","ocean_disable_breadcrumbs":"default","ocean_breadcrumbs_color":"","ocean_breadcrumbs_separator_color":"","ocean_breadcrumbs_links_color":"","ocean_breadcrumbs_links_hover_color":"","ocean_display_footer_widgets":"default","ocean_display_footer_bottom":"default","ocean_custom_footer_template":"0"},"product_brand":[],"product_cat":[115,93],"product_tag":[],"class_list":{"0":"post-10492","1":"product","2":"type-product","3":"status-publish","4":"has-post-thumbnail","6":"product_cat-maroc-sejours","7":"product_cat-tanger-maroc-sejours","8":"yith_booking_service-tanger-package-5-nombre-de-nuits-supplementaires-pour-1-enfant-3-a-12-ansdans-la-chambre-des-parents","9":"yith_booking_service-tanger-package-5-nombre-de-nuits-supplementaires-pour-1-personne-en-chambre-individuelle","10":"yith_booking_service-tanger-package-5-nombre-de-nuits-supplementaires-pour-2-personnes-en-chambre-double","12":"entry","13":"has-media","15":"first","16":"instock","17":"virtual","18":"sold-individually","19":"purchasable","20":"product-type-booking","21":"has-product-nav","22":"col","23":"span_1_of_4","24":"owp-content-center","25":"owp-thumbs-layout-vertical","26":"owp-btn-normal","27":"owp-tabs-layout-horizontal"},"aioseo_notices":[],"_links":{"self":[{"href":"https:\/\/emit-services.com\/en\/wp-json\/wp\/v2\/product\/10492","targetHints":{"allow":["GET"]}}],"collection":[{"href":"https:\/\/emit-services.com\/en\/wp-json\/wp\/v2\/product"}],"about":[{"href":"https:\/\/emit-services.com\/en\/wp-json\/wp\/v2\/types\/product"}],"version-history":[{"count":4,"href":"https:\/\/emit-services.com\/en\/wp-json\/wp\/v2\/product\/10492\/revisions"}],"predecessor-version":[{"id":46082,"href":"https:\/\/emit-services.com\/en\/wp-json\/wp\/v2\/product\/10492\/revisions\/46082"}],"wp:featuredmedia":[{"embeddable":true,"href":"https:\/\/emit-services.com\/en\/wp-json\/wp\/v2\/media\/42644"}],"wp:attachment":[{"href":"https:\/\/emit-services.com\/en\/wp-json\/wp\/v2\/media?parent=10492"}],"wp:term":[{"taxonomy":"product_brand","embeddable":true,"href":"https:\/\/emit-services.com\/en\/wp-json\/wp\/v2\/product_brand?post=10492"},{"taxonomy":"product_cat","embeddable":true,"href":"https:\/\/emit-services.com\/en\/wp-json\/wp\/v2\/product_cat?post=10492"},{"taxonomy":"product_tag","embeddable":true,"href":"https:\/\/emit-services.com\/en\/wp-json\/wp\/v2\/product_tag?post=10492"}],"curies":[{"name":"wp","href":"https:\/\/api.w.org\/{rel}","templated":true}]}}