{"id":44945,"date":"2025-09-15T14:36:32","date_gmt":"2025-09-15T14:36:32","guid":{"rendered":"https:\/\/emit-services.com\/?post_type=product&#038;p=44945"},"modified":"2025-09-15T15:52:57","modified_gmt":"2025-09-15T15:52:57","slug":"oman-randonnee-au-depart-de-mascate-a-travers-les-monts-hajar-nizwa-les-sables-de-wahiba-et-le-long-de-la-cote-15-jours-13-nuits-du-18-12-au-01-01-2027","status":"publish","type":"product","link":"https:\/\/emit-services.com\/en\/product\/oman-randonnee-au-depart-de-mascate-a-travers-les-monts-hajar-nizwa-les-sables-de-wahiba-et-le-long-de-la-cote-15-jours-13-nuits-du-18-12-au-01-01-2027\/","title":{"rendered":"OMAN : \u201cRandonn\u00e9e au d\u00e9part de Mascate \u00e0 travers les monts Hajar, Nizwa, les sables de Wahiba et le long de la c\u00f4te\u201d 15 jours\/ 13 nuits (Du 18. 12. 2026 au 01. 01. 2027)"},"content":{"rendered":"","protected":false},"excerpt":{"rendered":"<ul>\n<li><span style=\"color: #000000;\"><strong>A Partir de 5.245 \u20ac par personne en Chambre double, selon le programme.<\/strong><\/span><\/li>\n<li><span style=\"color: #000000;\"><strong>A Partir de 5.985 \u20ac par personne en Chambre individuelle, selon le programme.<\/strong><\/span><\/li>\n<li>Dates for 2026 : <strong>Du 18. 12.2026 au 01. 01. 2027.<\/strong><\/li>\n<li>In accordance with EMIT-Services' terms and conditions of travel, a deposit of 20% is due at the time of booking. The remaining amount must be paid no later than 30 days before the start of the trip. You will then receive the documents containing all the important information and data relating to your trip.<\/li>\n<li>Pay easily and securely using SSL encryption, with Credit card or Bank transfer.<\/li>\n<li>Please select <strong>start date<\/strong> Circuit and <strong>number of rooms<\/strong> to make your reservation.<\/li>\n<\/ul>","protected":false},"featured_media":43369,"template":"","meta":{"give_campaign_id":0,"ocean_post_layout":"","ocean_both_sidebars_style":"","ocean_both_sidebars_content_width":0,"ocean_both_sidebars_sidebars_width":0,"ocean_sidebar":"0","ocean_second_sidebar":"0","ocean_disable_margins":"enable","ocean_add_body_class":"","ocean_shortcode_before_top_bar":"","ocean_shortcode_after_top_bar":"","ocean_shortcode_before_header":"","ocean_shortcode_after_header":"","ocean_has_shortcode":"","ocean_shortcode_after_title":"","ocean_shortcode_before_footer_widgets":"","ocean_shortcode_after_footer_widgets":"","ocean_shortcode_before_footer_bottom":"","ocean_shortcode_after_footer_bottom":"","ocean_display_top_bar":"default","ocean_display_header":"default","ocean_header_style":"","ocean_center_header_left_menu":"0","ocean_custom_header_template":"0","ocean_custom_logo":0,"ocean_custom_retina_logo":0,"ocean_custom_logo_max_width":0,"ocean_custom_logo_tablet_max_width":0,"ocean_custom_logo_mobile_max_width":0,"ocean_custom_logo_max_height":0,"ocean_custom_logo_tablet_max_height":0,"ocean_custom_logo_mobile_max_height":0,"ocean_header_custom_menu":"0","ocean_menu_typo_font_family":"0","ocean_menu_typo_font_subset":"","ocean_menu_typo_font_size":0,"ocean_menu_typo_font_size_tablet":0,"ocean_menu_typo_font_size_mobile":0,"ocean_menu_typo_font_size_unit":"px","ocean_menu_typo_font_weight":"","ocean_menu_typo_font_weight_tablet":"","ocean_menu_typo_font_weight_mobile":"","ocean_menu_typo_transform":"","ocean_menu_typo_transform_tablet":"","ocean_menu_typo_transform_mobile":"","ocean_menu_typo_line_height":0,"ocean_menu_typo_line_height_tablet":0,"ocean_menu_typo_line_height_mobile":0,"ocean_menu_typo_line_height_unit":"","ocean_menu_typo_spacing":0,"ocean_menu_typo_spacing_tablet":0,"ocean_menu_typo_spacing_mobile":0,"ocean_menu_typo_spacing_unit":"","ocean_menu_link_color":"","ocean_menu_link_color_hover":"","ocean_menu_link_color_active":"","ocean_menu_link_background":"","ocean_menu_link_hover_background":"","ocean_menu_link_active_background":"","ocean_menu_social_links_bg":"","ocean_menu_social_hover_links_bg":"","ocean_menu_social_links_color":"","ocean_menu_social_hover_links_color":"","ocean_disable_title":"default","ocean_disable_heading":"default","ocean_post_title":"","ocean_post_subheading":"","ocean_post_title_style":"","ocean_post_title_background_color":"","ocean_post_title_background":0,"ocean_post_title_bg_image_position":"","ocean_post_title_bg_image_attachment":"","ocean_post_title_bg_image_repeat":"","ocean_post_title_bg_image_size":"","ocean_post_title_height":0,"ocean_post_title_bg_overlay":0.5,"ocean_post_title_bg_overlay_color":"","ocean_disable_breadcrumbs":"default","ocean_breadcrumbs_color":"","ocean_breadcrumbs_separator_color":"","ocean_breadcrumbs_links_color":"","ocean_breadcrumbs_links_hover_color":"","ocean_display_footer_widgets":"default","ocean_display_footer_bottom":"default","ocean_custom_footer_template":"0"},"product_brand":[],"product_cat":[372],"product_tag":[],"class_list":{"0":"post-44945","1":"product","2":"type-product","3":"status-publish","4":"has-post-thumbnail","6":"product_cat-oman","8":"entry","9":"has-media","11":"first","12":"instock","13":"virtual","14":"sold-individually","15":"purchasable","16":"product-type-booking","17":"has-product-nav","18":"col","19":"span_1_of_4","20":"owp-content-center","21":"owp-thumbs-layout-vertical","22":"owp-btn-normal","23":"owp-tabs-layout-horizontal","24":"has-no-thumbnails"},"aioseo_notices":[],"_links":{"self":[{"href":"https:\/\/emit-services.com\/en\/wp-json\/wp\/v2\/product\/44945","targetHints":{"allow":["GET"]}}],"collection":[{"href":"https:\/\/emit-services.com\/en\/wp-json\/wp\/v2\/product"}],"about":[{"href":"https:\/\/emit-services.com\/en\/wp-json\/wp\/v2\/types\/product"}],"version-history":[{"count":2,"href":"https:\/\/emit-services.com\/en\/wp-json\/wp\/v2\/product\/44945\/revisions"}],"predecessor-version":[{"id":44947,"href":"https:\/\/emit-services.com\/en\/wp-json\/wp\/v2\/product\/44945\/revisions\/44947"}],"wp:featuredmedia":[{"embeddable":true,"href":"https:\/\/emit-services.com\/en\/wp-json\/wp\/v2\/media\/43369"}],"wp:attachment":[{"href":"https:\/\/emit-services.com\/en\/wp-json\/wp\/v2\/media?parent=44945"}],"wp:term":[{"taxonomy":"product_brand","embeddable":true,"href":"https:\/\/emit-services.com\/en\/wp-json\/wp\/v2\/product_brand?post=44945"},{"taxonomy":"product_cat","embeddable":true,"href":"https:\/\/emit-services.com\/en\/wp-json\/wp\/v2\/product_cat?post=44945"},{"taxonomy":"product_tag","embeddable":true,"href":"https:\/\/emit-services.com\/en\/wp-json\/wp\/v2\/product_tag?post=44945"}],"curies":[{"name":"wp","href":"https:\/\/api.w.org\/{rel}","templated":true}]}}